{"id":912,"date":"2021-02-07T17:36:41","date_gmt":"2021-02-07T17:36:41","guid":{"rendered":"http:\/\/mlo.lt\/?post_type=product&#038;p=912"},"modified":"2023-02-27T07:31:39","modified_gmt":"2023-02-27T07:31:39","slug":"sulanklstomas-masazo-stalas-standart-alu-pro","status":"publish","type":"product","link":"https:\/\/mlo.lt\/index.php\/product\/sulanklstomas-masazo-stalas-standart-alu-pro\/","title":{"rendered":"Sulanklstomas masa\u017eo stalas su priedais Ultra Alu Plus"},"content":{"rendered":"<p>\u201cUltra\u201d stalai buvo sukurti masa\u017eo terapeutams, ie\u0161kantiems patvaraus, atsparaus da\u017enam i\u0161ssiskleidimui ir sulankstymui, stabilaus ir patogaus baldo sunkiam darbui. Kiekvienas i\u0161 \u0161io masa\u017eo ir reabilitacijos stal\u0173 komponent\u0173 yra pagaminti maksimaliai tiksliai, lygiai, esteti\u0161kai ir svarbiausia saugiai pacientui. Stalai pasi\u017eymi dideliu i\u0161ilginiu ir skersiniu stabilumu bei yra skirti klasikiniui, sportiniam masa\u017eui, refleksoterapijai, fizinei reabilitacijai, sensorinei terapijai. \u0160is\u00a0 modelis pasi\u017eymi unikalia konstrukcija, kuri skirta tiek pradedantiesiems, tiek patyrusiems masa\u017euotojams. Pagrindiniai gaminio privalumai yra konstrukcijos dydis bei stabilumas. Stalas leid\u017eia dirbti 93,5 cm auk\u0161tyje ir atlikti masa\u017e\u0105 \u017emon\u0117ms, kuri\u0173 \u016bgis vir\u0161ija 200 cm. Produktas pasi\u017eymi ma\u017eu 17 kg svoriu, j\u012f lengva i\u0161sskleisti bei sulankstyti.<\/p>\n<ul>\n<li>Auk\u0161\u010diausios kokyb\u0117s rank\u0173 darbo sulankstomas masa\u017eo stalas;<\/li>\n<li>Ergonomi\u0161kas galvos atlo\u0161as su reguliuojamu pakreipimo kampu;<\/li>\n<li>\u0160oniniai porankiai;<\/li>\n<li>Priekinis porankis;<\/li>\n<li>Anoduotas aliuminis;<\/li>\n<li>Reabilitacinis volelis;<\/li>\n<li>Pagrindinis transportavimo krep\u0161ys;<\/li>\n<li><strong>\u201cX-fold\u201d<\/strong>\u00a0gumeli\u0173 r\u0117mo sistema;<\/li>\n<li><b>Auk\u0161tesnis (iki 93,5 cm) ir\u00a0 ilgesnis (200cm) gultas.<\/b><\/li>\n<\/ul>\n","protected":false},"excerpt":{"rendered":"<ul>\n<li>Auk\u0161tis: nuo\u00a0<strong>63,5 cm iki 93,5 cm<\/strong>\u00a0(reguliuojamas kas 5 cm);<\/li>\n<li>Plotis: 67 cm;<\/li>\n<li>Ilgis:\u00a0<strong>200 cm<\/strong>\u00a0(230 cm\u00a0 su galvos atrama);<\/li>\n<li>Sulankstyto stalo matmenys: 100cm \/ 67cm \/ 16cm;<\/li>\n<li>Svoris: 17 kg (be pried\u0173);<\/li>\n<li>Maksilami dinamin\u0117 apkrova: 500 kg;<\/li>\n<li>Maksimali statin\u0117 apkrova: 1500 kg;<\/li>\n<li>Koj\u0173 konstrukcija: medis + anoduotas aliuminis;<\/li>\n<li>Apmu\u0161alas: ergo \u2013 3 cm elastingas ir nesideformuojantis porolonas;<\/li>\n<li>Sertifikatai:\u00a0<span lang=\"lt\">T\u00dcV Riehland, CE, FIRA ir Oeko-Tex, IQT B.T.L.<\/span><\/li>\n<li>Pristatymas per 3 sav.<\/li>\n<\/ul>\n","protected":false},"featured_media":913,"comment_status":"open","ping_status":"closed","template":"","meta":[],"product_cat":[49],"product_tag":[],"class_list":["post-912","product","type-product","status-publish","has-post-thumbnail","hentry","product_cat-sulankstomi-masazo-stalai","product-has-gallery"],"_links":{"self":[{"href":"https:\/\/mlo.lt\/index.php\/wp-json\/wp\/v2\/product\/912","targetHints":{"allow":["GET"]}}],"collection":[{"href":"https:\/\/mlo.lt\/index.php\/wp-json\/wp\/v2\/product"}],"about":[{"href":"https:\/\/mlo.lt\/index.php\/wp-json\/wp\/v2\/types\/product"}],"replies":[{"embeddable":true,"href":"https:\/\/mlo.lt\/index.php\/wp-json\/wp\/v2\/comments?post=912"}],"wp:featuredmedia":[{"embeddable":true,"href":"https:\/\/mlo.lt\/index.php\/wp-json\/wp\/v2\/media\/913"}],"wp:attachment":[{"href":"https:\/\/mlo.lt\/index.php\/wp-json\/wp\/v2\/media?parent=912"}],"wp:term":[{"taxonomy":"product_cat","embeddable":true,"href":"https:\/\/mlo.lt\/index.php\/wp-json\/wp\/v2\/product_cat?post=912"},{"taxonomy":"product_tag","embeddable":true,"href":"https:\/\/mlo.lt\/index.php\/wp-json\/wp\/v2\/product_tag?post=912"}],"curies":[{"name":"wp","href":"https:\/\/api.w.org\/{rel}","templated":true}]}}