{"id":797,"date":"2021-02-07T15:56:50","date_gmt":"2021-02-07T15:56:50","guid":{"rendered":"http:\/\/mlo.lt\/?post_type=product&#038;p=797"},"modified":"2023-02-27T07:35:20","modified_gmt":"2023-02-27T07:35:20","slug":"sulankstomas-masazo-stalas-prime-super","status":"publish","type":"product","link":"https:\/\/mlo.lt\/index.php\/product\/sulankstomas-masazo-stalas-prime-super\/","title":{"rendered":"Sulankstomas masa\u017eo stalas su priedais Prime Super"},"content":{"rendered":"<p>\u201cPrime\u201d stalai buvo sukurti masa\u017eo terapeutams, ie\u0161kantiems patvaraus, atsparaus da\u017enam i\u0161ssiskleidimui ir sulankstymui, stabilaus ir patogaus baldo sunkiam darbui. Kiekvienas i\u0161 \u0161io masa\u017eo ir reabilitacijos stal\u0173 komponent\u0173 yra pagaminti maksimaliai tiksliai, lygiai, esteti\u0161kai ir svarbiausia saugiai pacientui. Stalai pasi\u017eymi dideliu i\u0161ilginiu ir skersiniu stabilumu bei yra skirti klasikiniui, sportiniam masa\u017eui, refleksoterapijai, fizinei reabilitacijai, sensorinei terapijai. \u0160is modelis buvo sukurtas masa\u017euotojams, atliekantiems masa\u017e\u0105 naudojant Tibeto duben\u0117lius. Stalas yra 2 metr\u0173 ilgio ir 80 cm plo\u010dio. Stalas turi specialias lentyn\u0117les, kurios leid\u017eia duben\u0117lis pad\u0117ti ant stalo kra\u0161to. Lentynos pagamintos i\u0161 kiet\u0173 put\u0173, kad b\u016bt\u0173 u\u017etikrintas stabilus duben\u0117lio pagrindas.<\/p>\n<p>&nbsp;<\/p>\n<ul>\n<li>Auk\u0161\u010diausios kokyb\u0117s rank\u0173 darbo sulankstomas masa\u017eo stalas;<\/li>\n<li>Ergonomi\u0161kas galvos atlo\u0161as su reguliuojamu pakreipimo kampu;<\/li>\n<li>2 \u0161onin\u0117s lentynos duben\u0117liams,1 priekin\u0117\/galin\u0117 lentyna.<\/li>\n<li>Veido anga su galvos atrama;<\/li>\n<li>Pagrindinis transportavimo krep\u0161ys;<\/li>\n<li><strong>\u201cX-fold\u201d<\/strong>\u00a0gumeli\u0173 r\u0117mo sistema;<\/li>\n<li><b>Platesnis (80cm) ir ilgesnis (200cm) gultas.<\/b><\/li>\n<\/ul>\n","protected":false},"excerpt":{"rendered":"<ul>\n<li>Auk\u0161tis: nuo 63,5 cm iki 92,5 cm (reguliuojamas kas 5 cm);<\/li>\n<li>Plotis:<strong>\u00a080 cm<\/strong>;<\/li>\n<li>Ilgis: <strong>200 cm<\/strong> (230 cm\u00a0 su galvos atrama);<\/li>\n<li>Sulankstyto stalo matmenys: 100cm \/ 80cm \/ 16cm;<\/li>\n<li>Svoris: 20 kg (be pried\u0173);<\/li>\n<li>Maksimali dinamin\u0117 apkrova: 370 kg;<\/li>\n<li>Maksimali statin\u0117 apkrova: 1500 kg;<\/li>\n<li>Koj\u0173 konstrukcija: medis;<\/li>\n<li>Apmu\u0161alas: ergo \u2013 3 cm elastingas ir nesideformuojantis porolonas;<\/li>\n<li>Sertifikatai:\u00a0<span lang=\"lt\">T\u00dcV Riehland, CE, FIRA ir Oeko-Tex, IQT B.T.L.;<\/span><\/li>\n<li>Pristatymas per 3 sav.<\/li>\n<\/ul>\n","protected":false},"featured_media":798,"comment_status":"open","ping_status":"closed","template":"","meta":[],"product_cat":[49],"product_tag":[],"class_list":["post-797","product","type-product","status-publish","has-post-thumbnail","hentry","product_cat-sulankstomi-masazo-stalai","product-has-gallery"],"_links":{"self":[{"href":"https:\/\/mlo.lt\/index.php\/wp-json\/wp\/v2\/product\/797","targetHints":{"allow":["GET"]}}],"collection":[{"href":"https:\/\/mlo.lt\/index.php\/wp-json\/wp\/v2\/product"}],"about":[{"href":"https:\/\/mlo.lt\/index.php\/wp-json\/wp\/v2\/types\/product"}],"replies":[{"embeddable":true,"href":"https:\/\/mlo.lt\/index.php\/wp-json\/wp\/v2\/comments?post=797"}],"wp:featuredmedia":[{"embeddable":true,"href":"https:\/\/mlo.lt\/index.php\/wp-json\/wp\/v2\/media\/798"}],"wp:attachment":[{"href":"https:\/\/mlo.lt\/index.php\/wp-json\/wp\/v2\/media?parent=797"}],"wp:term":[{"taxonomy":"product_cat","embeddable":true,"href":"https:\/\/mlo.lt\/index.php\/wp-json\/wp\/v2\/product_cat?post=797"},{"taxonomy":"product_tag","embeddable":true,"href":"https:\/\/mlo.lt\/index.php\/wp-json\/wp\/v2\/product_tag?post=797"}],"curies":[{"name":"wp","href":"https:\/\/api.w.org\/{rel}","templated":true}]}}