{"id":748,"date":"2021-02-06T17:23:26","date_gmt":"2021-02-06T17:23:26","guid":{"rendered":"http:\/\/mlo.lt\/?post_type=product&#038;p=748"},"modified":"2023-02-27T07:37:32","modified_gmt":"2023-02-27T07:37:32","slug":"sulankstomas-masazo-stalas-prime","status":"publish","type":"product","link":"https:\/\/mlo.lt\/index.php\/product\/sulankstomas-masazo-stalas-prime\/","title":{"rendered":"Sulankstomas masa\u017eo stalas su priedais Prime Forte"},"content":{"rendered":"<p>\u201cPrime\u201d stalai buvo sukurti masa\u017eo terapeutams, ie\u0161kantiems patvaraus, atsparaus da\u017enam i\u0161ssiskleidimui ir sulankstymui, stabilaus ir patogaus baldo sunkiam darbui. Kiekvienas i\u0161 \u0161io masa\u017eo ir reabilitacijos stal\u0173 komponent\u0173 yra pagaminti maksimaliai tiksliai, lygiai, esteti\u0161kai ir svarbiausia saugiai pacientui. Stalai pasi\u017eymi dideliu i\u0161ilginiu ir skersiniu stabilumu bei yra skirti klasikiniui, sportiniam masa\u017eui, refleksoterapijai, fizinei reabilitacijai, sensorinei terapijai. \u0160iame modelyje panaudotos itin stiprios Dynaeema virv\u0117s bei 5 cm apmu\u0161alas, kuris leid\u017eia pacientui jaustis dar patogiau.<\/p>\n<p>&nbsp;<\/p>\n<ul>\n<li>Auk\u0161\u010diausios kokyb\u0117s rank\u0173 darbo sulankstomas masa\u017eo stalas;<\/li>\n<li>Ergonomi\u0161kas galvos atlo\u0161as su reguliuojamu pakreipimo kampu;<\/li>\n<li>Priekinis porankis;<\/li>\n<li>Itin tvirta <strong>Dynaeema<\/strong> virv\u0117;<\/li>\n<li><strong>5cm<\/strong> apmu\u0161alas;<\/li>\n<li>Pagrindinis transportavimo krep\u0161ys;<\/li>\n<\/ul>\n","protected":false},"excerpt":{"rendered":"<ul>\n<li>Auk\u0161tis: nuo 62 cm iki 82 cm (reguliuojamas kas 5 cm);<\/li>\n<li>Plotis: 67 cm;<\/li>\n<li>Ilgis: 180 cm (210 cm\u00a0 su galvos atrama);<\/li>\n<li>Sulankstyto stalo matmenys: 90cm \/ 67cm \/ 20cm;<\/li>\n<li>Svoris: 16 kg (be pried\u0173);<\/li>\n<li>Maksimali dinamin\u0117 apkrova: 500 kg;<\/li>\n<li>Maksimali statin\u0117 apkrova: 1500 kg;<\/li>\n<li>Koj\u0173 konstrukcija: medis (bukas);<\/li>\n<li>Apmu\u0161alas: ergo \u2013 5 cm elastingas ir nesideformuojantis porolonas;<\/li>\n<li>Sertifikatai:\u00a0<span lang=\"lt\">T\u00dcV Riehland, CE, FIRA ir Oeko-Tex, IQT B.T.L.;<\/span><\/li>\n<li>Pristatymas per 3 sav.<\/li>\n<\/ul>\n","protected":false},"featured_media":751,"comment_status":"open","ping_status":"closed","template":"","meta":[],"product_cat":[49],"product_tag":[],"class_list":["post-748","product","type-product","status-publish","has-post-thumbnail","hentry","product_cat-sulankstomi-masazo-stalai","product-has-gallery"],"_links":{"self":[{"href":"https:\/\/mlo.lt\/index.php\/wp-json\/wp\/v2\/product\/748","targetHints":{"allow":["GET"]}}],"collection":[{"href":"https:\/\/mlo.lt\/index.php\/wp-json\/wp\/v2\/product"}],"about":[{"href":"https:\/\/mlo.lt\/index.php\/wp-json\/wp\/v2\/types\/product"}],"replies":[{"embeddable":true,"href":"https:\/\/mlo.lt\/index.php\/wp-json\/wp\/v2\/comments?post=748"}],"wp:featuredmedia":[{"embeddable":true,"href":"https:\/\/mlo.lt\/index.php\/wp-json\/wp\/v2\/media\/751"}],"wp:attachment":[{"href":"https:\/\/mlo.lt\/index.php\/wp-json\/wp\/v2\/media?parent=748"}],"wp:term":[{"taxonomy":"product_cat","embeddable":true,"href":"https:\/\/mlo.lt\/index.php\/wp-json\/wp\/v2\/product_cat?post=748"},{"taxonomy":"product_tag","embeddable":true,"href":"https:\/\/mlo.lt\/index.php\/wp-json\/wp\/v2\/product_tag?post=748"}],"curies":[{"name":"wp","href":"https:\/\/api.w.org\/{rel}","templated":true}]}}