{"id":676,"date":"2021-02-05T13:26:18","date_gmt":"2021-02-05T13:26:18","guid":{"rendered":"http:\/\/mlo.lt\/?post_type=product&#038;p=676"},"modified":"2023-02-27T07:41:03","modified_gmt":"2023-02-27T07:41:03","slug":"sulankstomas-masazo-stalas-preal-01","status":"publish","type":"product","link":"https:\/\/mlo.lt\/index.php\/product\/sulankstomas-masazo-stalas-preal-01\/","title":{"rendered":"Sulankstomas masa\u017eo stalas su priedais Prime Standart Alu"},"content":{"rendered":"<p>\u201cPrime\u201d stalai buvo sukurti masa\u017eo terapeutams, ie\u0161kantiems patvaraus, atsparaus da\u017enam i\u0161ssiskleidimui ir sulankstymui, stabilaus ir patogaus baldo sunkiam darbui. Kiekvienas i\u0161 \u0161io masa\u017eo ir reabilitacijos stal\u0173 komponent\u0173 yra pagaminti maksimaliai tiksliai, lygiai, esteti\u0161kai ir svarbiausia saugiai pacientui. Stalai pasi\u017eymi dideliu i\u0161ilginiu ir skersiniu stabilumu bei yra skirti klasikiniui, sportiniam masa\u017eui, refleksoterapijai, fizinei reabilitacijai, sensorinei terapijai. \u0160iame modelyje stalo priekyje ir gale yra sumontuotos \u201eaccess\u201c plok\u0161t\u0117s, kurios leid\u017eia masa\u017euotojui kojas pad\u0117ti po stalu atliekant refleksologoginius masa\u017eus ir kt.<\/p>\n<ul>\n<li>Auk\u0161\u010diausios kokyb\u0117s rank\u0173 darbo sulankstomas masa\u017eo stalas;<\/li>\n<li>Kojos i\u0161 anoduoto <strong>aliuminio<\/strong>;<\/li>\n<li>Ergonomi\u0161kas galvos atlo\u0161as su reguliuojamu pakreipimo kampu;<\/li>\n<li>Priekinis porankis;<\/li>\n<li>Pagrindinis transportavimo krep\u0161ys;<\/li>\n<li>\u0160oniniai porankiai;<\/li>\n<li>Reabilitacinis volelis;<\/li>\n<li><strong>&#8222;X-fold&#8221;<\/strong> gumeli\u0173 r\u0117mo sistema;<\/li>\n<li><strong>&#8222;Access&#8221;<\/strong> koj\u0173 prieigos sistema.<\/li>\n<\/ul>\n","protected":false},"excerpt":{"rendered":"<ul>\n<li>Auk\u0161tis: nuo 60 cm iki 80 cm (reguliuojamas kas 5 cm);<\/li>\n<li>Plotis: 67 cm;<\/li>\n<li>Ilgis: 180 cm (210 cm\u00a0 su galvos atrama);<\/li>\n<li>Sulankstyto stalo matmenys: 90cm \/ 67cm \/ 16cm;<\/li>\n<li>Svoris: 15 kg (be pried\u0173);<\/li>\n<li>Maksimali dinamin\u0117 apkrova: 370 kg;<\/li>\n<li>Maksimali statin\u0117 apkrova: 1500 kg;<\/li>\n<li>Koj\u0173 konstrukcija: medis (bukas) +aliuminis;<\/li>\n<li>Apmu\u0161alas: ergo \u2013 3 cm elastingas ir nesideformuojantis porolonas;<\/li>\n<li>Sertifikatai:\u00a0<span lang=\"lt\">T\u00dcV Riehland, CE, FIRA ir Oeko-Tex, IQT B.T.L.;<\/span><\/li>\n<li>Pristatymas per 7d.d.<\/li>\n<\/ul>\n","protected":false},"featured_media":678,"comment_status":"open","ping_status":"closed","template":"","meta":[],"product_cat":[49],"product_tag":[],"class_list":["post-676","product","type-product","status-publish","has-post-thumbnail","hentry","product_cat-sulankstomi-masazo-stalai","product-has-gallery"],"_links":{"self":[{"href":"https:\/\/mlo.lt\/index.php\/wp-json\/wp\/v2\/product\/676","targetHints":{"allow":["GET"]}}],"collection":[{"href":"https:\/\/mlo.lt\/index.php\/wp-json\/wp\/v2\/product"}],"about":[{"href":"https:\/\/mlo.lt\/index.php\/wp-json\/wp\/v2\/types\/product"}],"replies":[{"embeddable":true,"href":"https:\/\/mlo.lt\/index.php\/wp-json\/wp\/v2\/comments?post=676"}],"wp:featuredmedia":[{"embeddable":true,"href":"https:\/\/mlo.lt\/index.php\/wp-json\/wp\/v2\/media\/678"}],"wp:attachment":[{"href":"https:\/\/mlo.lt\/index.php\/wp-json\/wp\/v2\/media?parent=676"}],"wp:term":[{"taxonomy":"product_cat","embeddable":true,"href":"https:\/\/mlo.lt\/index.php\/wp-json\/wp\/v2\/product_cat?post=676"},{"taxonomy":"product_tag","embeddable":true,"href":"https:\/\/mlo.lt\/index.php\/wp-json\/wp\/v2\/product_tag?post=676"}],"curies":[{"name":"wp","href":"https:\/\/api.w.org\/{rel}","templated":true}]}}