{"id":496,"date":"2021-02-01T14:08:38","date_gmt":"2021-02-01T14:08:38","guid":{"rendered":"http:\/\/mlo.lt\/?post_type=product&#038;p=496"},"modified":"2023-02-27T06:45:46","modified_gmt":"2023-02-27T06:45:46","slug":"ortopedine-klupama-kede-kneller-soft-knso-8","status":"publish","type":"product","link":"https:\/\/mlo.lt\/index.php\/product\/ortopedine-klupama-kede-kneller-soft-knso-8\/","title":{"rendered":"Ortopedin\u0117 klupama k\u0117d\u0117 Kneller soft (rie\u0161uto r\u0117mas)"},"content":{"rendered":"<p>Klupamos k\u0117d\u0117s formuoja taisykling\u0105 laikysen\u0105 ir padeda i\u0161laikyti stubur\u0105 taisyklingoje pad\u0117tyje. K\u0117d\u0117s leid\u017eia suma\u017einti nugaros skausmus, atsirandan\u010dius d\u0117l ilgo s\u0117d\u0117jimo, taip pat u\u017ekerta keli\u0105 jiems atsirasti. Specialiai profiliuota k\u0117d\u0117 leid\u017eia reguliuoti auk\u0161t\u012f ir pritaikyti j\u012f naudojan\u010dio \u017emogaus poreikiams. Gaminys padengtas patvariu audiniu arba dirbtine oda, kuri ilg\u0105 laik\u0105 atrodo puikiai.<\/p>\n<p>\u0160ie produktai yra puiki alternatyva tradicin\u0117ms k\u0117d\u0117ms, ypa\u010d \u017emon\u0117ms, kurie kiekvien\u0105 dien\u0105 praleid\u017eia valand\u0173 valandas dirbdami s\u0117dim\u0105 darb\u0105. Jei norite tinkamai pasir\u016bpinti savo k\u016bnu, naudokite j\u012f pakaitomis su gimnastikos kamuoliu, tokiu b\u016bdu pri\u017ei\u016br\u0117site stubur\u0105, tuo pa\u010diu neapkrausite kelio s\u0105nari\u0173.<\/p>\n<p>Klupama k\u0117d\u0117 yra speciali, ergonomi\u0161ka k\u0117d\u0117, kuri \u201cpasodina\u201d \u012f teising\u0105 pad\u0117t\u012f ir apsaugo nuo laikysenos defekt\u0173. J\u0105 sudaro s\u0117dyn\u0117 ir kelius ar blauzdas atremianti dalis. K\u0117d\u0117s konstrukcija leid\u017eia reguliuoti jos auk\u0161t\u012f kei\u010diant kamp\u0105 tarp s\u0117dyn\u0117s ir atramos. Gamybai naudojamos med\u017eiagos: plienas, audiniai, porolonas, klijai ir kt. yra auk\u0161\u010diausios kokyb\u0117s bei sertifikuoti. Tai turi lemiamos \u012ftakos i\u0161skirtiniam gaminio patvarumui ir kokybei.<\/p>\n<p>\u21d2 Svarbu!<\/p>\n<p>Reali dangos spalva gali ne\u017eymiai skirtis nuo esan\u010dios nuotraukoje d\u0117l ap\u0161vietimo fotografuojant arba d\u0117l J\u016bs\u0173 monitoriaus nustatym\u0173.<\/p>\n","protected":false},"excerpt":{"rendered":"<ul>\n<li>Med\u017eio masyvo r\u0117mas;<\/li>\n<li>R\u0117mo spalva &#8211; rie\u0161utas;<\/li>\n<li>Galima apkrova iki 130 kg;<\/li>\n<li>Kokybi\u0161kas ir patogus k\u0117d\u0117s auk\u0161\u010dio reguliavimas;<\/li>\n<li>Danga \u2013 eko zom\u0161a;<\/li>\n<li>Dangos spalva \u2013 ruda, juoda, dramblio kaulo;<\/li>\n<li>Grind\u0173 nebrai\u017eantys gumuoti ratukai;<\/li>\n<li>Garantinis terminas \u2013 24 m\u0117n.;<\/li>\n<li>Pagaminta EU;<\/li>\n<li>Auk\u0161tis: 48-70 cm;<br \/>\nPlotis: 45 cm;<br \/>\nIlgis: 53 \u2013 63 cm;<\/li>\n<li>Sertifikavimas: CE, FIRA, Oeko-TEX, PZH;<\/li>\n<li>Pristatymas per 7 d.d.<\/li>\n<\/ul>\n","protected":false},"featured_media":2508,"comment_status":"open","ping_status":"closed","template":"","meta":[],"product_cat":[97],"product_tag":[],"class_list":["post-496","product","type-product","status-publish","has-post-thumbnail","hentry","product_cat-ortopedines-klupamos-kedes-kneller-soft","product-has-gallery"],"_links":{"self":[{"href":"https:\/\/mlo.lt\/index.php\/wp-json\/wp\/v2\/product\/496","targetHints":{"allow":["GET"]}}],"collection":[{"href":"https:\/\/mlo.lt\/index.php\/wp-json\/wp\/v2\/product"}],"about":[{"href":"https:\/\/mlo.lt\/index.php\/wp-json\/wp\/v2\/types\/product"}],"replies":[{"embeddable":true,"href":"https:\/\/mlo.lt\/index.php\/wp-json\/wp\/v2\/comments?post=496"}],"wp:featuredmedia":[{"embeddable":true,"href":"https:\/\/mlo.lt\/index.php\/wp-json\/wp\/v2\/media\/2508"}],"wp:attachment":[{"href":"https:\/\/mlo.lt\/index.php\/wp-json\/wp\/v2\/media?parent=496"}],"wp:term":[{"taxonomy":"product_cat","embeddable":true,"href":"https:\/\/mlo.lt\/index.php\/wp-json\/wp\/v2\/product_cat?post=496"},{"taxonomy":"product_tag","embeddable":true,"href":"https:\/\/mlo.lt\/index.php\/wp-json\/wp\/v2\/product_tag?post=496"}],"curies":[{"name":"wp","href":"https:\/\/api.w.org\/{rel}","templated":true}]}}