{"id":3598,"date":"2023-03-13T16:35:52","date_gmt":"2023-03-13T16:35:52","guid":{"rendered":"https:\/\/mlo.lt\/?post_type=product&#038;p=3598"},"modified":"2023-03-13T16:42:13","modified_gmt":"2023-03-13T16:42:13","slug":"kosmetologinis-kreslas-beauty-electric-2","status":"publish","type":"product","link":"https:\/\/mlo.lt\/index.php\/product\/kosmetologinis-kreslas-beauty-electric-2\/","title":{"rendered":"Kosmetologinis kr\u0117slas Beauty hidraulic 2"},"content":{"rendered":"","protected":false},"excerpt":{"rendered":"<p><span class=\"Y2IQFc\" lang=\"lt\">Pagrindin\u0117s charakteristikos:<\/span><\/p>\n<ul>\n<li><span class=\"Y2IQFc\" lang=\"lt\">spalva: sm\u0117lio;<\/span><\/li>\n<li><span class=\"Y2IQFc\" lang=\"lt\">apmu\u0161al\u0173 med\u017eiaga: PVC; <\/span><\/li>\n<li><span class=\"Y2IQFc\" lang=\"lt\">u\u017epildas: put\u0173 poliuretanas; <\/span><\/li>\n<li><span class=\"Y2IQFc\" lang=\"lt\">r\u0117mas: milteliniu b\u016bdu da\u017eytas metalas; <\/span><\/li>\n<li><span class=\"Y2IQFc\" lang=\"lt\">konstrukcija: sulankstoma; <\/span><\/li>\n<li><span class=\"Y2IQFc\" lang=\"lt\">sekcij\u0173 skai\u010dius: 4;<\/span><\/li>\n<li><span class=\"Y2IQFc\" lang=\"lt\">auk\u0161\u010dio reguliavimas: hidraulinis; <\/span><\/li>\n<li><span class=\"Y2IQFc\" lang=\"lt\">sukimasis ant kojos: 360\u00b0; <\/span><\/li>\n<li><span class=\"Y2IQFc\" lang=\"lt\">atlo\u0161o atlo\u0161o kampas: 0\u00b0-55\u00b0; <\/span><\/li>\n<li><span class=\"Y2IQFc\" lang=\"lt\">p\u0117dos atramos k\u0117limo kampas: 35\u00b0-0\u00b0; <\/span><\/li>\n<li><span class=\"Y2IQFc\" lang=\"lt\">ilgis: 195 cm; <\/span><\/li>\n<li><span class=\"Y2IQFc\" lang=\"lt\">plotis (su porankiais): 82 cm;<\/span><\/li>\n<li><span class=\"Y2IQFc\" lang=\"lt\">auk\u0161tis: 70-81 cm; <\/span><\/li>\n<li><span class=\"Y2IQFc\" lang=\"lt\">maksimalus vartotojo svoris: 250 kg; <\/span><\/li>\n<li><span class=\"Y2IQFc\" lang=\"lt\">grynasis svoris: 61 kg; <\/span><\/li>\n<li><span class=\"Y2IQFc\" lang=\"lt\">pakuot\u0117s dydis: 133\u044579\u044574 cm.<\/span><\/li>\n<\/ul>\n","protected":false},"featured_media":3600,"comment_status":"open","ping_status":"closed","template":"","meta":[],"product_cat":[75],"product_tag":[],"class_list":["post-3598","product","type-product","status-publish","has-post-thumbnail","hentry","product_cat-kosmetologiniai-kreslai","product-has-gallery"],"_links":{"self":[{"href":"https:\/\/mlo.lt\/index.php\/wp-json\/wp\/v2\/product\/3598","targetHints":{"allow":["GET"]}}],"collection":[{"href":"https:\/\/mlo.lt\/index.php\/wp-json\/wp\/v2\/product"}],"about":[{"href":"https:\/\/mlo.lt\/index.php\/wp-json\/wp\/v2\/types\/product"}],"replies":[{"embeddable":true,"href":"https:\/\/mlo.lt\/index.php\/wp-json\/wp\/v2\/comments?post=3598"}],"wp:featuredmedia":[{"embeddable":true,"href":"https:\/\/mlo.lt\/index.php\/wp-json\/wp\/v2\/media\/3600"}],"wp:attachment":[{"href":"https:\/\/mlo.lt\/index.php\/wp-json\/wp\/v2\/media?parent=3598"}],"wp:term":[{"taxonomy":"product_cat","embeddable":true,"href":"https:\/\/mlo.lt\/index.php\/wp-json\/wp\/v2\/product_cat?post=3598"},{"taxonomy":"product_tag","embeddable":true,"href":"https:\/\/mlo.lt\/index.php\/wp-json\/wp\/v2\/product_tag?post=3598"}],"curies":[{"name":"wp","href":"https:\/\/api.w.org\/{rel}","templated":true}]}}