{"id":3593,"date":"2023-03-13T16:34:01","date_gmt":"2023-03-13T16:34:01","guid":{"rendered":"https:\/\/mlo.lt\/?post_type=product&#038;p=3593"},"modified":"2023-03-13T16:42:42","modified_gmt":"2023-03-13T16:42:42","slug":"kosmetologinis-kreslas-beauty-electric","status":"publish","type":"product","link":"https:\/\/mlo.lt\/index.php\/product\/kosmetologinis-kreslas-beauty-electric\/","title":{"rendered":"Kosmetologinis kr\u0117slas Beauty hidraulic"},"content":{"rendered":"<ul>\n<li id=\"tw-target-text\" class=\"tw-data-text tw-text-large tw-ta\" dir=\"ltr\" data-placeholder=\"Vertimas\"><span class=\"Y2IQFc\" lang=\"lt\">Galimyb\u0117 nustatyti horizontali\u0105 pad\u0117t\u012f;<\/span><\/li>\n<li class=\"tw-data-text tw-text-large tw-ta\" dir=\"ltr\" data-placeholder=\"Vertimas\"><span class=\"Y2IQFc\" lang=\"lt\">Mechaninis atlo\u0161o, vidurin\u0117s dalies ir koj\u0173 atramos reguliavimas;<\/span><\/li>\n<li class=\"tw-data-text tw-text-large tw-ta\" dir=\"ltr\" data-placeholder=\"Vertimas\"><span class=\"Y2IQFc\" lang=\"lt\">Auk\u0161tis reguliuojamas hidraulin\u0117s pavaros pagalba; <\/span><\/li>\n<li class=\"tw-data-text tw-text-large tw-ta\" dir=\"ltr\" data-placeholder=\"Vertimas\"><span class=\"Y2IQFc\" lang=\"lt\">Yra veido anga ir nuimami porankiai; <\/span><\/li>\n<li class=\"tw-data-text tw-text-large tw-ta\" dir=\"ltr\" data-placeholder=\"Vertimas\"><span class=\"Y2IQFc\" lang=\"lt\">Maksimali apkrova iki 250 kg; <\/span><\/li>\n<li class=\"tw-data-text tw-text-large tw-ta\" dir=\"ltr\" data-placeholder=\"Vertimas\"><span class=\"Y2IQFc\" lang=\"lt\">Apmu\u0161al\u0173 audinys yra hipoalergi\u0161kas, atsparus vandeniui, lengvai apdorojamas dezinfekavimo priemon\u0117mis.<\/span><\/li>\n<\/ul>\n","protected":false},"excerpt":{"rendered":"<p>Galimyb\u0117 nustatyti horizontali\u0105 pad\u0117t\u012f; Mechaninis atlo\u0161o, vidurin\u0117s dalies ir koj\u0173 atramos reguliavimas; Auk\u0161tis reguliuojamas hidraulin\u0117s pavaros pagalba; Yra veido anga ir nuimami porankiai; Maksimali apkrova&hellip;<\/p>\n","protected":false},"featured_media":3595,"comment_status":"open","ping_status":"closed","template":"","meta":[],"product_cat":[75],"product_tag":[],"class_list":["post-3593","product","type-product","status-publish","has-post-thumbnail","hentry","product_cat-kosmetologiniai-kreslai","product-has-gallery"],"_links":{"self":[{"href":"https:\/\/mlo.lt\/index.php\/wp-json\/wp\/v2\/product\/3593","targetHints":{"allow":["GET"]}}],"collection":[{"href":"https:\/\/mlo.lt\/index.php\/wp-json\/wp\/v2\/product"}],"about":[{"href":"https:\/\/mlo.lt\/index.php\/wp-json\/wp\/v2\/types\/product"}],"replies":[{"embeddable":true,"href":"https:\/\/mlo.lt\/index.php\/wp-json\/wp\/v2\/comments?post=3593"}],"wp:featuredmedia":[{"embeddable":true,"href":"https:\/\/mlo.lt\/index.php\/wp-json\/wp\/v2\/media\/3595"}],"wp:attachment":[{"href":"https:\/\/mlo.lt\/index.php\/wp-json\/wp\/v2\/media?parent=3593"}],"wp:term":[{"taxonomy":"product_cat","embeddable":true,"href":"https:\/\/mlo.lt\/index.php\/wp-json\/wp\/v2\/product_cat?post=3593"},{"taxonomy":"product_tag","embeddable":true,"href":"https:\/\/mlo.lt\/index.php\/wp-json\/wp\/v2\/product_tag?post=3593"}],"curies":[{"name":"wp","href":"https:\/\/api.w.org\/{rel}","templated":true}]}}