{"id":3572,"date":"2023-03-13T13:56:24","date_gmt":"2023-03-13T13:56:24","guid":{"rendered":"https:\/\/mlo.lt\/?post_type=product&#038;p=3572"},"modified":"2023-03-13T14:05:18","modified_gmt":"2023-03-13T14:05:18","slug":"kede-eksperto","status":"publish","type":"product","link":"https:\/\/mlo.lt\/index.php\/product\/kede-eksperto\/","title":{"rendered":"K\u0117d\u0117 Eksperto"},"content":{"rendered":"<p>Dujinio keltuvo pagalba s\u0117dyn\u0117s auk\u0161tis reguliuojamas nuo 48 iki 63 cm, tod\u0117l k\u0117d\u0117 tinka bet kokio \u016bgio asmenims.<br \/>\nPatogus atlo\u0161as suteikia optimali\u0105 k\u016bno atram\u0105. Atlo\u0161as reguliuojamas pneumatiniu mechanizmu. Apmu\u0161alas malonus liesti, labai patvarus ir ilgaam\u017eis. Kadangi apmu\u0161al\u0173 med\u017eiaga yra geros kokyb\u0117s sintetin\u0117 oda, j\u0105 galima apdoroti plovimo skys\u010diais ir dezinfekavimo priemon\u0117mis.<br \/>\nK\u0117d\u0117s pagrindas chromuotas; ratukai pagaminti i\u0161 tvirto plastiko.<\/p>\n","protected":false},"excerpt":{"rendered":"<p>Dujinio keltuvo pagalba s\u0117dyn\u0117s auk\u0161tis reguliuojamas nuo 48 iki 63 cm, tod\u0117l k\u0117d\u0117 tinka bet kokio \u016bgio asmenims. Patogus atlo\u0161as suteikia optimali\u0105 k\u016bno atram\u0105. Atlo\u0161as&hellip;<\/p>\n","protected":false},"featured_media":3582,"comment_status":"open","ping_status":"closed","template":"","meta":[],"product_cat":[63],"product_tag":[],"class_list":["post-3572","product","type-product","status-publish","has-post-thumbnail","hentry","product_cat-kedes-ant-ratuku","product-has-gallery"],"_links":{"self":[{"href":"https:\/\/mlo.lt\/index.php\/wp-json\/wp\/v2\/product\/3572","targetHints":{"allow":["GET"]}}],"collection":[{"href":"https:\/\/mlo.lt\/index.php\/wp-json\/wp\/v2\/product"}],"about":[{"href":"https:\/\/mlo.lt\/index.php\/wp-json\/wp\/v2\/types\/product"}],"replies":[{"embeddable":true,"href":"https:\/\/mlo.lt\/index.php\/wp-json\/wp\/v2\/comments?post=3572"}],"wp:featuredmedia":[{"embeddable":true,"href":"https:\/\/mlo.lt\/index.php\/wp-json\/wp\/v2\/media\/3582"}],"wp:attachment":[{"href":"https:\/\/mlo.lt\/index.php\/wp-json\/wp\/v2\/media?parent=3572"}],"wp:term":[{"taxonomy":"product_cat","embeddable":true,"href":"https:\/\/mlo.lt\/index.php\/wp-json\/wp\/v2\/product_cat?post=3572"},{"taxonomy":"product_tag","embeddable":true,"href":"https:\/\/mlo.lt\/index.php\/wp-json\/wp\/v2\/product_tag?post=3572"}],"curies":[{"name":"wp","href":"https:\/\/api.w.org\/{rel}","templated":true}]}}