{"id":3561,"date":"2023-03-13T13:49:36","date_gmt":"2023-03-13T13:49:36","guid":{"rendered":"https:\/\/mlo.lt\/?post_type=product&#038;p=3561"},"modified":"2023-03-13T13:49:37","modified_gmt":"2023-03-13T13:49:37","slug":"kede-master","status":"publish","type":"product","link":"https:\/\/mlo.lt\/index.php\/product\/kede-master\/","title":{"rendered":"K\u0117d\u0117 Master"},"content":{"rendered":"<p><span class=\"Y2IQFc\" lang=\"lt\">Balno tipo s\u0117dyn\u0117s dizainas suma\u017eina skausming\u0105 spaudim\u0105 nugarai ir stuburui ilgo s\u0117d\u0117jimo metu. Reguliuojama s\u0117dyn\u0117 \u2013 pneumatinis auk\u0161\u010dio diapazonas nuo 53 cm iki 71 cm. Pneumatinis pak\u0117limo mechanizmas \u2013 toks pat kaip auk\u0161\u010diausios klas\u0117s biuro k\u0117d\u0117s! Ratukai \u2013 skland\u017eiai manevruoja per kietmed\u017eio grindis ir kilimus! Penkiakamp\u0117 kry\u017em\u0117\u00a0 \u2013 suteikia papildomo stabilumo.\u00a0 <\/span><span class=\"Y2IQFc\" lang=\"lt\">Apmu\u0161alas \u2013 hipoalergi\u0161kas, be CFC, aliejui ir vandeniui atspar\u016bs apmu\u0161alas.\u00a0 \u00a0<\/span><\/p>\n<p>&nbsp;<\/p>\n","protected":false},"excerpt":{"rendered":"<p><span class=\"Y2IQFc\" lang=\"lt\">Specifikacijos: <\/span><\/p>\n<ul>\n<li><span class=\"Y2IQFc\" lang=\"lt\">Dydis: 40x38x53-71 cm;<\/span><\/li>\n<li><span class=\"Y2IQFc\" lang=\"lt\">S\u0117dyn\u0117s auk\u0161tis: nuo 53 cm iki 71 cm (reguliuojamas);<\/span><\/li>\n<li><span class=\"Y2IQFc\" lang=\"lt\">Svoris: 8 KG;<\/span><\/li>\n<li><span class=\"Y2IQFc\" lang=\"lt\">S\u0117dyn\u0117s pagalv\u0117l\u0117: 5 cm;<\/span><\/li>\n<li><span class=\"Y2IQFc\" lang=\"lt\">Atraminis svoris: 280 KG.<\/span><\/li>\n<\/ul>\n","protected":false},"featured_media":3562,"comment_status":"open","ping_status":"closed","template":"","meta":[],"product_cat":[63],"product_tag":[],"class_list":["post-3561","product","type-product","status-publish","has-post-thumbnail","hentry","product_cat-kedes-ant-ratuku","product-has-gallery"],"_links":{"self":[{"href":"https:\/\/mlo.lt\/index.php\/wp-json\/wp\/v2\/product\/3561","targetHints":{"allow":["GET"]}}],"collection":[{"href":"https:\/\/mlo.lt\/index.php\/wp-json\/wp\/v2\/product"}],"about":[{"href":"https:\/\/mlo.lt\/index.php\/wp-json\/wp\/v2\/types\/product"}],"replies":[{"embeddable":true,"href":"https:\/\/mlo.lt\/index.php\/wp-json\/wp\/v2\/comments?post=3561"}],"wp:featuredmedia":[{"embeddable":true,"href":"https:\/\/mlo.lt\/index.php\/wp-json\/wp\/v2\/media\/3562"}],"wp:attachment":[{"href":"https:\/\/mlo.lt\/index.php\/wp-json\/wp\/v2\/media?parent=3561"}],"wp:term":[{"taxonomy":"product_cat","embeddable":true,"href":"https:\/\/mlo.lt\/index.php\/wp-json\/wp\/v2\/product_cat?post=3561"},{"taxonomy":"product_tag","embeddable":true,"href":"https:\/\/mlo.lt\/index.php\/wp-json\/wp\/v2\/product_tag?post=3561"}],"curies":[{"name":"wp","href":"https:\/\/api.w.org\/{rel}","templated":true}]}}