{"id":3555,"date":"2023-03-13T12:06:56","date_gmt":"2023-03-13T12:06:56","guid":{"rendered":"https:\/\/mlo.lt\/?post_type=product&#038;p=3555"},"modified":"2023-03-13T12:17:37","modified_gmt":"2023-03-13T12:17:37","slug":"kreslas-kede-masazui-tatuiruotems-2","status":"publish","type":"product","link":"https:\/\/mlo.lt\/index.php\/product\/kreslas-kede-masazui-tatuiruotems-2\/","title":{"rendered":"Kr\u0117slas\/k\u0117d\u0117 masa\u017eui\/tatuiruot\u0117ms"},"content":{"rendered":"<p>Idealus gaminys tiek masa\u017eo, tiek tatuiruo\u010di\u0173 specialistui!<\/p>\n<p>Profesional\u0173 naudojamame\u00a0 kr\u0117sle, kurio auk\u0161tis reguliuojamas, klientas gali \u012fsitaisyti taip, kad b\u016bt\u0173 patogu atlikti nugaros, sprando ir galvos masa\u017e\u0105 ir padaryti tatuiruotes \u0161iose k\u016bno vietose. Metalinis kr\u0117slo karkasas garantuoja stabilum\u0105 bei tvirtum\u0105, o guma apvilktos kojel\u0117s neleid\u017eia kr\u0117slui slysti lygiu grind\u0173 pavir\u0161iumi. Kokybi\u0161ka vinilo danga ir lengvas, nesusmunkantis jos u\u017epildas leid\u017eia klientui jaustis patogiai net ilgai trunkan\u010dios proced\u016bros metu.\u00a0 Lengva dirbti specialistui ir gerai jaustis klientui, nes kr\u0117slas turi special\u0173 atlo\u0161\u0105 galvai ir atramas rankoms.<\/p>\n","protected":false},"excerpt":{"rendered":"<ul>\n<li>Transportavimo ir laikymo krep\u0161ys;<\/li>\n<li>Reguliuojamas veido stovas (auk\u0161tis ir kampas);<\/li>\n<li>Reguliuojamas s\u0117dyn\u0117s auk\u0161tis (3 pad\u0117tys);<\/li>\n<li>Reguliuojamas svirties auk\u0161tis (3 pad\u0117tys);<\/li>\n<li>Visi\u0161kai funkcionali kr\u016btin\u0117s pagalv\u0117;<\/li>\n<li>Svoris: 10 kg;<\/li>\n<li>Maksimali apkrova: 159 kg;<\/li>\n<li>Apmu\u0161alai: oda, vandeniui ir aliejui atspari;<\/li>\n<li>Pakavimo dydis: 110x27x55.<\/li>\n<\/ul>\n","protected":false},"featured_media":3558,"comment_status":"open","ping_status":"closed","template":"","meta":[],"product_cat":[107],"product_tag":[],"class_list":["post-3555","product","type-product","status-publish","has-post-thumbnail","hentry","product_cat-tatuiruociu-kedes","product-has-gallery"],"_links":{"self":[{"href":"https:\/\/mlo.lt\/index.php\/wp-json\/wp\/v2\/product\/3555","targetHints":{"allow":["GET"]}}],"collection":[{"href":"https:\/\/mlo.lt\/index.php\/wp-json\/wp\/v2\/product"}],"about":[{"href":"https:\/\/mlo.lt\/index.php\/wp-json\/wp\/v2\/types\/product"}],"replies":[{"embeddable":true,"href":"https:\/\/mlo.lt\/index.php\/wp-json\/wp\/v2\/comments?post=3555"}],"wp:featuredmedia":[{"embeddable":true,"href":"https:\/\/mlo.lt\/index.php\/wp-json\/wp\/v2\/media\/3558"}],"wp:attachment":[{"href":"https:\/\/mlo.lt\/index.php\/wp-json\/wp\/v2\/media?parent=3555"}],"wp:term":[{"taxonomy":"product_cat","embeddable":true,"href":"https:\/\/mlo.lt\/index.php\/wp-json\/wp\/v2\/product_cat?post=3555"},{"taxonomy":"product_tag","embeddable":true,"href":"https:\/\/mlo.lt\/index.php\/wp-json\/wp\/v2\/product_tag?post=3555"}],"curies":[{"name":"wp","href":"https:\/\/api.w.org\/{rel}","templated":true}]}}