{"id":3551,"date":"2023-03-13T12:01:37","date_gmt":"2023-03-13T12:01:37","guid":{"rendered":"https:\/\/mlo.lt\/?post_type=product&#038;p=3551"},"modified":"2023-03-13T12:01:37","modified_gmt":"2023-03-13T12:01:37","slug":"masazo-akmenu-18-l-sildytuvas","status":"publish","type":"product","link":"https:\/\/mlo.lt\/index.php\/product\/masazo-akmenu-18-l-sildytuvas\/","title":{"rendered":"Masa\u017eo akmen\u0173 18 l \u0161ildytuvas"},"content":{"rendered":"<p id=\"tw-target-text\" class=\"tw-data-text tw-text-large tw-ta\" dir=\"ltr\" data-placeholder=\"Vertimas\"><span class=\"Y2IQFc\" lang=\"lt\">Masa\u017eo akmen\u0173 \u0161ildytuvas yra profesionalus akmen\u0173 \u0161ildytuvas, kuris palaiko vienod\u0105 akmen\u0173 temperat\u016br\u0105. \u0160is \u012frenginys pagamintas su ner\u016bdijan\u010dio plieno i\u0161oriniu korpusu, patvariu plieniniu akmeniu (nuimamu) ir v\u0117siomis rankenomis. <\/span><\/p>\n<p class=\"tw-data-text tw-text-large tw-ta\" dir=\"ltr\" data-placeholder=\"Vertimas\"><span class=\"Y2IQFc\" lang=\"lt\"> Specifikacijos: <\/span><\/p>\n<ul>\n<li class=\"tw-data-text tw-text-large tw-ta\" dir=\"ltr\" data-placeholder=\"Vertimas\"><span class=\"Y2IQFc\" lang=\"lt\">Talpa: 18 litr\u0173; <\/span><\/li>\n<li class=\"tw-data-text tw-text-large tw-ta\" dir=\"ltr\" data-placeholder=\"Vertimas\"><span class=\"Y2IQFc\" lang=\"lt\">Galia: 1450W; <\/span><\/li>\n<li class=\"tw-data-text tw-text-large tw-ta\" dir=\"ltr\" data-placeholder=\"Vertimas\"><span class=\"Y2IQFc\" lang=\"lt\">\u012etampa: 230V; <\/span><\/li>\n<li class=\"tw-data-text tw-text-large tw-ta\" dir=\"ltr\" data-placeholder=\"Vertimas\"><span class=\"Y2IQFc\" lang=\"lt\">Matmenys: 65 cm x 45 cm x 26 cm.<\/span><\/li>\n<\/ul>\n","protected":false},"excerpt":{"rendered":"<p>Masa\u017eo akmen\u0173 \u0161ildytuvas yra profesionalus akmen\u0173 \u0161ildytuvas, kuris palaiko vienod\u0105 akmen\u0173 temperat\u016br\u0105. \u0160is \u012frenginys pagamintas su ner\u016bdijan\u010dio plieno i\u0161oriniu korpusu, patvariu plieniniu akmeniu (nuimamu) ir&hellip;<\/p>\n","protected":false},"featured_media":3552,"comment_status":"open","ping_status":"closed","template":"","meta":[],"product_cat":[109],"product_tag":[],"class_list":["post-3551","product","type-product","status-publish","has-post-thumbnail","hentry","product_cat-masazo-akmenys","product-has-gallery"],"_links":{"self":[{"href":"https:\/\/mlo.lt\/index.php\/wp-json\/wp\/v2\/product\/3551","targetHints":{"allow":["GET"]}}],"collection":[{"href":"https:\/\/mlo.lt\/index.php\/wp-json\/wp\/v2\/product"}],"about":[{"href":"https:\/\/mlo.lt\/index.php\/wp-json\/wp\/v2\/types\/product"}],"replies":[{"embeddable":true,"href":"https:\/\/mlo.lt\/index.php\/wp-json\/wp\/v2\/comments?post=3551"}],"wp:featuredmedia":[{"embeddable":true,"href":"https:\/\/mlo.lt\/index.php\/wp-json\/wp\/v2\/media\/3552"}],"wp:attachment":[{"href":"https:\/\/mlo.lt\/index.php\/wp-json\/wp\/v2\/media?parent=3551"}],"wp:term":[{"taxonomy":"product_cat","embeddable":true,"href":"https:\/\/mlo.lt\/index.php\/wp-json\/wp\/v2\/product_cat?post=3551"},{"taxonomy":"product_tag","embeddable":true,"href":"https:\/\/mlo.lt\/index.php\/wp-json\/wp\/v2\/product_tag?post=3551"}],"curies":[{"name":"wp","href":"https:\/\/api.w.org\/{rel}","templated":true}]}}