{"id":3491,"date":"2023-03-12T17:45:37","date_gmt":"2023-03-12T17:45:37","guid":{"rendered":"https:\/\/mlo.lt\/?post_type=product&#038;p=3491"},"modified":"2026-02-12T12:43:31","modified_gmt":"2026-02-12T12:43:31","slug":"kusete-medi","status":"publish","type":"product","link":"https:\/\/mlo.lt\/index.php\/product\/kusete-medi\/","title":{"rendered":"Ku\u0161et\u0117 MEDI"},"content":{"rendered":"<div class=\"cez\">\n<div id=\"tw-target-text-container\" class=\"tw-ta-container F0azHf tw-nfl\" tabindex=\"0\">\n<p>Medicinin\u0117s ku\u0161et\u0117s yra idealus gaminys gydytoj\u0173 ir proced\u016br\u0173 kabinetams. Ku\u0161et\u0117s pagrindas pagamintas i\u0161 \u0161lifuoto ner\u016bdijan\u010dio plieno, tod\u0117l sukuriamas unikalus gaminys, itin atsparus darbo s\u0105lygoms ir proced\u016br\u0173 metu naudojamoms med\u017eiagoms. Medi serijos gaminiai taip pat\u00a0 puikiai tinka kaip kosmetologiniams, tatuiruo\u010di\u0173 ir auskar\u0173 v\u0117rimo kabinetams. Kompakti\u0161kas\u00a0 dizainas u\u017etikrina puik\u0173 naudojim\u0105 ir ilgalaik\u012f \u012frenginio patvarum\u0105. Auk\u0161tos kokyb\u0117s poliuretano putos ir mink\u0161ta apmu\u0161al\u0173 med\u017eiaga leid\u017eia pacientui maksimaliai atsipalaiduoti.<\/p>\n<p>Medi modelyje reguliuojamas galv\u016bgalis pakyla 5 \u017eingsni\u0173 pak\u0117limu iki 55 laipsni\u0173.<\/p>\n<\/div>\n<p>&#8211; Medicinin\u0117 ku\u0161et\u0117,<br \/>\n&#8211; galvos atrama su 5 pakop\u0173 reguliavimu,<br \/>\n&#8211; pagrindas pagamintas i\u0161 ner\u016bdijan\u010dio plieno,<br \/>\n&#8211; veido atidarymas su ki\u0161tuku.<\/p>\n<div class=\"iYB33c\">\n<div class=\"dlJLJe\">\n<div data-cviv=\"false\" data-ved=\"2ahUKEwiNwoLTu7j9AhVGgv0HHdGuBZAQz_AEegQIBRAP\">\n<p class=\"U9URNb\">\n<\/div>\n<\/div>\n<p id=\"tw-tmenu\" class=\"tw-menu\">\n<\/div>\n<\/div>\n","protected":false},"excerpt":{"rendered":"<ul>\n<li>Auk\u0161tis: 55 cm;<\/li>\n<li>Plotis: 65cm;<\/li>\n<li>Ilgis: 200 cm;<\/li>\n<li>Svoris: 30 kg (be pried\u0173);<\/li>\n<li>Maksimali statin\u0117 apkrova: 1500 kg;<\/li>\n<li>Maksimali dinamin\u0117 apkrova: 500 kg;<\/li>\n<li>Sertifikatai: T\u00dcV Riehland, CE, FIRA ir Oeko-Tex, IQT B.T.L.<\/li>\n<li>Pristatymas per 3 sav.<\/li>\n<\/ul>\n","protected":false},"featured_media":3503,"comment_status":"open","ping_status":"closed","template":"","meta":[],"product_cat":[104,103,64],"product_tag":[],"class_list":["post-3491","product","type-product","status-publish","has-post-thumbnail","hentry","product_cat-medicinines-kusetes","product_cat-stacionarus-estetines-medincinos-ir-grozio-proceduru-stalai","product_cat-tatuiruociu-stalai","product-has-gallery"],"_links":{"self":[{"href":"https:\/\/mlo.lt\/index.php\/wp-json\/wp\/v2\/product\/3491","targetHints":{"allow":["GET"]}}],"collection":[{"href":"https:\/\/mlo.lt\/index.php\/wp-json\/wp\/v2\/product"}],"about":[{"href":"https:\/\/mlo.lt\/index.php\/wp-json\/wp\/v2\/types\/product"}],"replies":[{"embeddable":true,"href":"https:\/\/mlo.lt\/index.php\/wp-json\/wp\/v2\/comments?post=3491"}],"wp:featuredmedia":[{"embeddable":true,"href":"https:\/\/mlo.lt\/index.php\/wp-json\/wp\/v2\/media\/3503"}],"wp:attachment":[{"href":"https:\/\/mlo.lt\/index.php\/wp-json\/wp\/v2\/media?parent=3491"}],"wp:term":[{"taxonomy":"product_cat","embeddable":true,"href":"https:\/\/mlo.lt\/index.php\/wp-json\/wp\/v2\/product_cat?post=3491"},{"taxonomy":"product_tag","embeddable":true,"href":"https:\/\/mlo.lt\/index.php\/wp-json\/wp\/v2\/product_tag?post=3491"}],"curies":[{"name":"wp","href":"https:\/\/api.w.org\/{rel}","templated":true}]}}