{"id":3421,"date":"2023-03-12T16:54:58","date_gmt":"2023-03-12T16:54:58","guid":{"rendered":"https:\/\/mlo.lt\/?post_type=product&#038;p=3421"},"modified":"2026-02-12T12:41:08","modified_gmt":"2026-02-12T12:41:08","slug":"kusete-aini-plus","status":"publish","type":"product","link":"https:\/\/mlo.lt\/index.php\/product\/kusete-aini-plus\/","title":{"rendered":"Ku\u0161et\u0117 AINI Plus"},"content":{"rendered":"<div class=\"cez\">\n<div id=\"tw-target-text-container\" class=\"tw-ta-container F0azHf tw-nfl\" tabindex=\"0\">\n<p id=\"tw-target-text\" class=\"tw-data-text tw-text-large tw-ta\" dir=\"ltr\" data-placeholder=\"Vertimas\"><span class=\"Y2IQFc\" lang=\"lt\">AINI ku\u0161et\u0117s yra idealus produktas medicinos ir odontologijos kabinetams. Jos puikiai tinkamos kaip gro\u017eio namams, tatuiruo\u010di\u0173\u00a0 ir auskar\u0173 v\u0117rimo kabinetams. Kompakti\u0161ka, tvirta konstrukcija u\u017etikrina ilgaam\u017ei\u0161kum\u0105. Auk\u0161tos kokyb\u0117s poliuretanas ir mink\u0161tas apmu\u0161alas leid\u017eia pacientui visapusi\u0161kai atsipalaiduoti.\u00a0<\/span><\/p>\n<p id=\"tw-target-text\" class=\"tw-data-text tw-text-large tw-ta\" dir=\"ltr\" data-placeholder=\"Vertimas\"><span class=\"Y2IQFc\" lang=\"lt\">Rinkinio sud\u0117tis:<\/span><\/p>\n<p class=\"tw-data-text tw-text-large tw-ta\" dir=\"ltr\" data-placeholder=\"Vertimas\"><span class=\"Y2IQFc\" lang=\"lt\"> &#8211; AINI medicinin\u0117 ku\u0161et\u0117;<\/span><\/p>\n<p class=\"tw-data-text tw-text-large tw-ta\" dir=\"ltr\" data-placeholder=\"Vertimas\"><span class=\"Y2IQFc\" lang=\"lt\"> &#8211; 5 pakop\u0173 galvos atrama;<\/span><\/p>\n<p class=\"tw-data-text tw-text-large tw-ta\" dir=\"ltr\" data-placeholder=\"Vertimas\"><span class=\"Y2IQFc\" lang=\"lt\">&#8211; anga veido zonai;<\/span><\/p>\n<p class=\"tw-data-text tw-text-large tw-ta\" dir=\"ltr\" data-placeholder=\"Vertimas\"><span class=\"Y2IQFc\" lang=\"lt\">&#8211; lentyna priedams sud\u0117ti.<\/span><\/p>\n<p dir=\"ltr\" data-placeholder=\"Vertimas\">\n<\/div>\n<div class=\"iYB33c\">\n<div class=\"dlJLJe\">\n<div data-cviv=\"false\" data-ved=\"2ahUKEwiNwoLTu7j9AhVGgv0HHdGuBZAQz_AEegQIBRAP\">\n<p class=\"U9URNb\">\n<\/div>\n<\/div>\n<p id=\"tw-tmenu\" class=\"tw-menu\">\n<\/div>\n<\/div>\n","protected":false},"excerpt":{"rendered":"<ul>\n<li>Auk\u0161tis: 66 cm;<\/li>\n<li>Plotis: 65 cm;<\/li>\n<li>Ilgis: 200 cm;<\/li>\n<li>Svoris: 60 kg (be pried\u0173);<\/li>\n<li>Maksimalus paciento svoris: 170 kg;<\/li>\n<li>Maksimali dinamin\u0117 apkrova: 800 kg;<\/li>\n<li>Sertifikatai:\u00a0<span lang=\"lt\">T\u00dcV Riehland, CE, WYR Med.<\/span><\/li>\n<li>Pristatymas per 3 sav.<\/li>\n<\/ul>\n","protected":false},"featured_media":3270,"comment_status":"open","ping_status":"closed","template":"","meta":[],"product_cat":[104,103],"product_tag":[],"class_list":["post-3421","product","type-product","status-publish","has-post-thumbnail","hentry","product_cat-medicinines-kusetes","product_cat-stacionarus-estetines-medincinos-ir-grozio-proceduru-stalai","product-has-gallery"],"_links":{"self":[{"href":"https:\/\/mlo.lt\/index.php\/wp-json\/wp\/v2\/product\/3421","targetHints":{"allow":["GET"]}}],"collection":[{"href":"https:\/\/mlo.lt\/index.php\/wp-json\/wp\/v2\/product"}],"about":[{"href":"https:\/\/mlo.lt\/index.php\/wp-json\/wp\/v2\/types\/product"}],"replies":[{"embeddable":true,"href":"https:\/\/mlo.lt\/index.php\/wp-json\/wp\/v2\/comments?post=3421"}],"wp:featuredmedia":[{"embeddable":true,"href":"https:\/\/mlo.lt\/index.php\/wp-json\/wp\/v2\/media\/3270"}],"wp:attachment":[{"href":"https:\/\/mlo.lt\/index.php\/wp-json\/wp\/v2\/media?parent=3421"}],"wp:term":[{"taxonomy":"product_cat","embeddable":true,"href":"https:\/\/mlo.lt\/index.php\/wp-json\/wp\/v2\/product_cat?post=3421"},{"taxonomy":"product_tag","embeddable":true,"href":"https:\/\/mlo.lt\/index.php\/wp-json\/wp\/v2\/product_tag?post=3421"}],"curies":[{"name":"wp","href":"https:\/\/api.w.org\/{rel}","templated":true}]}}