{"id":3257,"date":"2023-02-28T07:50:49","date_gmt":"2023-02-28T07:50:49","guid":{"rendered":"https:\/\/mlo.lt\/?post_type=product&#038;p=3257"},"modified":"2023-02-28T07:56:44","modified_gmt":"2023-02-28T07:56:44","slug":"stacionarus-masazo-stalas-tattoo-ln-max-kopija","status":"publish","type":"product","link":"https:\/\/mlo.lt\/index.php\/product\/stacionarus-masazo-stalas-tattoo-ln-max-kopija\/","title":{"rendered":"Stacionarus masa\u017eo stalas Tattoo LN Plus MAX"},"content":{"rendered":"<div id=\"tw-target-text-container\" class=\"tw-ta-container F0azHf tw-nfl\" tabindex=\"0\">\n<p id=\"tw-target-text\" class=\"tw-data-text tw-text-large tw-ta\" dir=\"ltr\" data-placeholder=\"Vertimas\"><span class=\"Y2IQFc\" lang=\"lt\">Stalas Tattoo LN Plus MAX sukurtas specialiai tatuiruo\u010di\u0173 ir auskar\u0173 v\u0117rimo salonams, kur, be technini\u0173 privalum\u0173, svarbus elementas yra bald\u0173 i\u0161vaizda ir charakteris. Keturi\u0173 sekcij\u0173 darbinio pavir\u0161iaus i\u0161d\u0117stymas leid\u017eia klient\u0105 paguldyti gulimoje pad\u0117tyje, pakelti blauzd\u0105, kuln\u0105, taip pat pakelti \u012f pusiau s\u0117dim\u0105 pad\u0117t\u012f. Taip pat yra nesunkiai pasiekiamos rankos, dilbiai, kr\u016btin\u0117 ir p\u0117dos. \u201eComfort Plus\u201c apmu\u0161alai suteikia auk\u0161\u010diausio lygio komfort\u0105 labai ilgoms proced\u016broms.<\/span><\/p>\n<\/div>\n<ul>\n<li id=\"tw-target-text\" class=\"tw-data-text tw-text-large tw-ta\" dir=\"ltr\" data-placeholder=\"Vertimas\"><span class=\"Y2IQFc\" lang=\"lt\">Keturi\u0173 dali\u0173 Tattoo LN Plus MAX stacionarus stalas;<\/span><\/li>\n<li class=\"tw-data-text tw-text-large tw-ta\" dir=\"ltr\" data-placeholder=\"Vertimas\"><span class=\"Y2IQFc\" lang=\"lt\">Comfort Plus apmu\u0161alai;<\/span><\/li>\n<li class=\"tw-data-text tw-text-large tw-ta\" dir=\"ltr\" data-placeholder=\"Vertimas\">Reguliuojama galvos atrama;<\/li>\n<li dir=\"ltr\" data-placeholder=\"Vertimas\">\u0160oniniai porankiai;<\/li>\n<li><span class=\"Y2IQFc\" lang=\"lt\">*2 sistema, skirta dvigubam galvos atramos reguliavimui pusiau s\u0117dimoje pad\u0117tyje;<\/span><\/li>\n<li>Platesnis ir ilgesnis gultas;<\/li>\n<li>Lentyn\u0117l\u0117 po stalu priedams sud\u0117ti.<\/li>\n<\/ul>\n","protected":false},"excerpt":{"rendered":"<ul>\n<li>Auk\u0161tis: 60-85 cm (reguliuojamas kas 5 cm);<\/li>\n<li>Plotis: 78 cm (su porankiai +17 cm);<\/li>\n<li>Ilgis: 205 cm (su galvos atrama 235 cm);<\/li>\n<li>Galin\u0117s dalies reguliavimas nuo 0 iki\u00a0 54 laipsi\u0173;<\/li>\n<li>Priekin\u0117s dalies reguliavimas nuo 0 iki 40 laipsni\u0173;<\/li>\n<li>Svoris: 100 kg (be pried\u0173);<\/li>\n<li>Statinis atsparumas: 500 kg;<\/li>\n<li>Dinaminis atsparumas: 2000 kg;<\/li>\n<li>Sertifikatai:\u00a0<span lang=\"lt\">T\u00dcV Riehland, CE, FIRA ir Oeko-Tex, IQT B.T.L;<\/span><\/li>\n<li>Pristatymas per 3 sav.<\/li>\n<\/ul>\n","protected":false},"featured_media":3246,"comment_status":"open","ping_status":"closed","template":"","meta":[],"product_cat":[64],"product_tag":[],"class_list":["post-3257","product","type-product","status-publish","has-post-thumbnail","hentry","product_cat-tatuiruociu-stalai","product-has-gallery"],"_links":{"self":[{"href":"https:\/\/mlo.lt\/index.php\/wp-json\/wp\/v2\/product\/3257","targetHints":{"allow":["GET"]}}],"collection":[{"href":"https:\/\/mlo.lt\/index.php\/wp-json\/wp\/v2\/product"}],"about":[{"href":"https:\/\/mlo.lt\/index.php\/wp-json\/wp\/v2\/types\/product"}],"replies":[{"embeddable":true,"href":"https:\/\/mlo.lt\/index.php\/wp-json\/wp\/v2\/comments?post=3257"}],"wp:featuredmedia":[{"embeddable":true,"href":"https:\/\/mlo.lt\/index.php\/wp-json\/wp\/v2\/media\/3246"}],"wp:attachment":[{"href":"https:\/\/mlo.lt\/index.php\/wp-json\/wp\/v2\/media?parent=3257"}],"wp:term":[{"taxonomy":"product_cat","embeddable":true,"href":"https:\/\/mlo.lt\/index.php\/wp-json\/wp\/v2\/product_cat?post=3257"},{"taxonomy":"product_tag","embeddable":true,"href":"https:\/\/mlo.lt\/index.php\/wp-json\/wp\/v2\/product_tag?post=3257"}],"curies":[{"name":"wp","href":"https:\/\/api.w.org\/{rel}","templated":true}]}}