{"id":3205,"date":"2023-02-24T10:44:02","date_gmt":"2023-02-24T10:44:02","guid":{"rendered":"https:\/\/mlo.lt\/?post_type=product&#038;p=3205"},"modified":"2023-02-27T06:56:10","modified_gmt":"2023-02-27T06:56:10","slug":"masazo-ciuzinys-rila120-su-transportavimo-krepsiu","status":"publish","type":"product","link":"https:\/\/mlo.lt\/index.php\/product\/masazo-ciuzinys-rila120-su-transportavimo-krepsiu\/","title":{"rendered":"Masa\u017eo \u010diu\u017einys RILA&#8217;120 su transportavimo krep\u0161iu"},"content":{"rendered":"","protected":false},"excerpt":{"rendered":"<div class=\"cezli\">Storis: 6 cm;<\/div>\n<div class=\"cezli\">Plotis: 120 cm;<\/div>\n<div class=\"cezli\">Ilgis: 200 cm;<\/div>\n<div class=\"cezli\">Svoris: 9,5 kg;<\/div>\n<div class=\"cezli\">Sertifikatas: CE;<\/div>\n<div>Pristatymas per 3 sav.<\/div>\n<p>&nbsp;<\/p>\n","protected":false},"featured_media":3216,"comment_status":"open","ping_status":"closed","template":"","meta":[],"product_cat":[102],"product_tag":[],"class_list":["post-3205","product","type-product","status-publish","has-post-thumbnail","hentry","product_cat-rankiniai-masazo-ciuziniai","product-has-gallery"],"_links":{"self":[{"href":"https:\/\/mlo.lt\/index.php\/wp-json\/wp\/v2\/product\/3205","targetHints":{"allow":["GET"]}}],"collection":[{"href":"https:\/\/mlo.lt\/index.php\/wp-json\/wp\/v2\/product"}],"about":[{"href":"https:\/\/mlo.lt\/index.php\/wp-json\/wp\/v2\/types\/product"}],"replies":[{"embeddable":true,"href":"https:\/\/mlo.lt\/index.php\/wp-json\/wp\/v2\/comments?post=3205"}],"wp:featuredmedia":[{"embeddable":true,"href":"https:\/\/mlo.lt\/index.php\/wp-json\/wp\/v2\/media\/3216"}],"wp:attachment":[{"href":"https:\/\/mlo.lt\/index.php\/wp-json\/wp\/v2\/media?parent=3205"}],"wp:term":[{"taxonomy":"product_cat","embeddable":true,"href":"https:\/\/mlo.lt\/index.php\/wp-json\/wp\/v2\/product_cat?post=3205"},{"taxonomy":"product_tag","embeddable":true,"href":"https:\/\/mlo.lt\/index.php\/wp-json\/wp\/v2\/product_tag?post=3205"}],"curies":[{"name":"wp","href":"https:\/\/api.w.org\/{rel}","templated":true}]}}