{"id":3193,"date":"2023-02-24T10:39:19","date_gmt":"2023-02-24T10:39:19","guid":{"rendered":"https:\/\/mlo.lt\/?post_type=product&#038;p=3193"},"modified":"2023-02-27T06:55:18","modified_gmt":"2023-02-27T06:55:18","slug":"masazo-ciuzinys-rila90-su-transportavimo-krepsiu-kopija","status":"publish","type":"product","link":"https:\/\/mlo.lt\/index.php\/product\/masazo-ciuzinys-rila90-su-transportavimo-krepsiu-kopija\/","title":{"rendered":"Masa\u017eo \u010diu\u017einys RILA&#8217;90 su transportavimo krep\u0161iu"},"content":{"rendered":"","protected":false},"excerpt":{"rendered":"<div class=\"cezli\">Storis: 6 cm;<\/div>\n<div class=\"cezli\">Plotis: 90 cm;<\/div>\n<div class=\"cezli\">Ilgis: 200 cm;<\/div>\n<div class=\"cezli\">Svoris: 7,5 kg;<\/div>\n<div class=\"cezli\">Sertifikatas: CE;<\/div>\n<div class=\"cezli\">Pristatymas per 3 sav.<\/div>\n<p>&nbsp;<\/p>\n","protected":false},"featured_media":3204,"comment_status":"open","ping_status":"closed","template":"","meta":[],"product_cat":[102],"product_tag":[],"class_list":["post-3193","product","type-product","status-publish","has-post-thumbnail","hentry","product_cat-rankiniai-masazo-ciuziniai","product-has-gallery"],"_links":{"self":[{"href":"https:\/\/mlo.lt\/index.php\/wp-json\/wp\/v2\/product\/3193","targetHints":{"allow":["GET"]}}],"collection":[{"href":"https:\/\/mlo.lt\/index.php\/wp-json\/wp\/v2\/product"}],"about":[{"href":"https:\/\/mlo.lt\/index.php\/wp-json\/wp\/v2\/types\/product"}],"replies":[{"embeddable":true,"href":"https:\/\/mlo.lt\/index.php\/wp-json\/wp\/v2\/comments?post=3193"}],"wp:featuredmedia":[{"embeddable":true,"href":"https:\/\/mlo.lt\/index.php\/wp-json\/wp\/v2\/media\/3204"}],"wp:attachment":[{"href":"https:\/\/mlo.lt\/index.php\/wp-json\/wp\/v2\/media?parent=3193"}],"wp:term":[{"taxonomy":"product_cat","embeddable":true,"href":"https:\/\/mlo.lt\/index.php\/wp-json\/wp\/v2\/product_cat?post=3193"},{"taxonomy":"product_tag","embeddable":true,"href":"https:\/\/mlo.lt\/index.php\/wp-json\/wp\/v2\/product_tag?post=3193"}],"curies":[{"name":"wp","href":"https:\/\/api.w.org\/{rel}","templated":true}]}}