{"id":3152,"date":"2023-02-24T10:06:50","date_gmt":"2023-02-24T10:06:50","guid":{"rendered":"https:\/\/mlo.lt\/?post_type=product&#038;p=3152"},"modified":"2023-02-27T06:55:41","modified_gmt":"2023-02-27T06:55:41","slug":"dvisluoksnis-rankinis-masazo-ciuzinys-ume120-su-transportavimo-krepsiu","status":"publish","type":"product","link":"https:\/\/mlo.lt\/index.php\/product\/dvisluoksnis-rankinis-masazo-ciuzinys-ume120-su-transportavimo-krepsiu\/","title":{"rendered":"Dvisluoksnis rankinis masa\u017eo \u010diu\u017einys UME&#8217;120 su transportavimo krep\u0161iu"},"content":{"rendered":"","protected":false},"excerpt":{"rendered":"<div class=\"cezli\">Storis: 5 cm;<\/div>\n<div class=\"cezli\">Plotis: 120 cm;<\/div>\n<div class=\"cezli\">Ilgis: 200 cm;<\/div>\n<div class=\"cezli\">Svoris: 9,5 kg;<\/div>\n<div class=\"cezli\">Sertifikatas: CE;<\/div>\n<div>Pristatymas per 3 sav.<\/div>\n<p>&nbsp;<\/p>\n","protected":false},"featured_media":3166,"comment_status":"open","ping_status":"closed","template":"","meta":[],"product_cat":[102],"product_tag":[],"class_list":["post-3152","product","type-product","status-publish","has-post-thumbnail","hentry","product_cat-rankiniai-masazo-ciuziniai","product-has-gallery"],"_links":{"self":[{"href":"https:\/\/mlo.lt\/index.php\/wp-json\/wp\/v2\/product\/3152","targetHints":{"allow":["GET"]}}],"collection":[{"href":"https:\/\/mlo.lt\/index.php\/wp-json\/wp\/v2\/product"}],"about":[{"href":"https:\/\/mlo.lt\/index.php\/wp-json\/wp\/v2\/types\/product"}],"replies":[{"embeddable":true,"href":"https:\/\/mlo.lt\/index.php\/wp-json\/wp\/v2\/comments?post=3152"}],"wp:featuredmedia":[{"embeddable":true,"href":"https:\/\/mlo.lt\/index.php\/wp-json\/wp\/v2\/media\/3166"}],"wp:attachment":[{"href":"https:\/\/mlo.lt\/index.php\/wp-json\/wp\/v2\/media?parent=3152"}],"wp:term":[{"taxonomy":"product_cat","embeddable":true,"href":"https:\/\/mlo.lt\/index.php\/wp-json\/wp\/v2\/product_cat?post=3152"},{"taxonomy":"product_tag","embeddable":true,"href":"https:\/\/mlo.lt\/index.php\/wp-json\/wp\/v2\/product_tag?post=3152"}],"curies":[{"name":"wp","href":"https:\/\/api.w.org\/{rel}","templated":true}]}}