{"id":3052,"date":"2023-02-23T13:49:53","date_gmt":"2023-02-23T13:49:53","guid":{"rendered":"https:\/\/mlo.lt\/?post_type=product&#038;p=3052"},"modified":"2023-02-27T06:57:13","modified_gmt":"2023-02-27T06:57:13","slug":"ajurvedinis-stalas-veda-stat","status":"publish","type":"product","link":"https:\/\/mlo.lt\/index.php\/product\/ajurvedinis-stalas-veda-stat\/","title":{"rendered":"Ajurvedinis stalas Veda Stat"},"content":{"rendered":"<p>\u0160is ajurvedinis stalas &#8222;Veda Stat&#8221; yra paprastas, kompakti\u0161kas ir stabilios strukt\u016bros. Specialus stalo profilis neleid\u017eia naudojamam proced\u016br\u0173 aliejui tek\u0117ti\u00a0 i\u0161 u\u017e gulto kra\u0161to. \u0160iam masa\u017eo stalui buvo parinkta auk\u0161tos kokyb\u0117s atspari danga, kuri u\u017etikrina ilgamet\u012f stalo naudojim\u0105.<\/p>\n","protected":false},"excerpt":{"rendered":"<ul>\n<li>Auk\u0161tis: nuo 60 cm iki 85 cm (reguliuojamas kas 5 cm);<\/li>\n<li>Plotis: 80 cm;<\/li>\n<li>Ilgis: 202 cm (232 cm\u00a0 su galvos atrama);<\/li>\n<li>Svoris: 50 kg (be pried\u0173);<\/li>\n<li>Maksimalus paciento svoris: 170 kg;<\/li>\n<li>Koj\u0173 konstrukcija: medis;<\/li>\n<li>Maksimalus paciento svoris: 170 kg;<\/li>\n<li>Dinaminis atsparumas: 800 kg.<\/li>\n<li>Sertifikatai:\u00a0<span lang=\"lt\">T\u00dcV Riehland, CE;<\/span><\/li>\n<li>Pristatymas per 3 sav.<\/li>\n<\/ul>\n","protected":false},"featured_media":3083,"comment_status":"open","ping_status":"closed","template":"","meta":[],"product_cat":[52],"product_tag":[],"class_list":["post-3052","product","type-product","status-publish","has-post-thumbnail","hentry","product_cat-ajurvediniai-stalai","product-has-gallery"],"_links":{"self":[{"href":"https:\/\/mlo.lt\/index.php\/wp-json\/wp\/v2\/product\/3052","targetHints":{"allow":["GET"]}}],"collection":[{"href":"https:\/\/mlo.lt\/index.php\/wp-json\/wp\/v2\/product"}],"about":[{"href":"https:\/\/mlo.lt\/index.php\/wp-json\/wp\/v2\/types\/product"}],"replies":[{"embeddable":true,"href":"https:\/\/mlo.lt\/index.php\/wp-json\/wp\/v2\/comments?post=3052"}],"wp:featuredmedia":[{"embeddable":true,"href":"https:\/\/mlo.lt\/index.php\/wp-json\/wp\/v2\/media\/3083"}],"wp:attachment":[{"href":"https:\/\/mlo.lt\/index.php\/wp-json\/wp\/v2\/media?parent=3052"}],"wp:term":[{"taxonomy":"product_cat","embeddable":true,"href":"https:\/\/mlo.lt\/index.php\/wp-json\/wp\/v2\/product_cat?post=3052"},{"taxonomy":"product_tag","embeddable":true,"href":"https:\/\/mlo.lt\/index.php\/wp-json\/wp\/v2\/product_tag?post=3052"}],"curies":[{"name":"wp","href":"https:\/\/api.w.org\/{rel}","templated":true}]}}