{"id":2960,"date":"2023-02-22T18:52:20","date_gmt":"2023-02-22T18:52:20","guid":{"rendered":"https:\/\/mlo.lt\/?post_type=product&#038;p=2960"},"modified":"2023-02-27T07:01:55","modified_gmt":"2023-02-27T07:01:55","slug":"2-daliu-sirma-buko-spalvos","status":"publish","type":"product","link":"https:\/\/mlo.lt\/index.php\/product\/2-daliu-sirma-buko-spalvos\/","title":{"rendered":"2 dali\u0173 \u0161irma (buko spalvos)"},"content":{"rendered":"<p id=\"tw-target-text\" class=\"tw-data-text tw-text-large tw-ta\" dir=\"ltr\" data-placeholder=\"Vertimas\"><span class=\"Y2IQFc\" lang=\"lt\">\u0160irma pagaminta i\u0161 auk\u0161\u010diausios kokyb\u0117s buko masyvo, padengta ekologi\u0161ku laku. Patvar\u016bs ir esteti\u0161ki ratukai u\u017etikrina ekrano mobilum\u0105 ir stabilum\u0105. \u0160irma pagaminta naudojant auk\u0161tos kokyb\u0117s med\u017eiag\u0105, kuri naudojama medicinos balduose. Med\u017eiaga plaunama, jos nu\u0117mimas nuo \u0161irmos labai patogus.\u00a0<\/span><\/p>\n","protected":false},"excerpt":{"rendered":"<ul>\n<li>Gylis: 35 cm;<\/li>\n<li>Plotis: 140 cm (2*70cm);<\/li>\n<li>Auk\u0161tis: 170 cm;<\/li>\n<li>Svoris: 10 kg;<\/li>\n<li>Konstrukcija: medis (bukas);<\/li>\n<li>Sertifikatai: <span lang=\"lt\">CE;<\/span><\/li>\n<li>Galimos med\u017eiagos spalvos: balta, juoda, geltona, dramblio kaulo;<\/li>\n<li>Pristatymas per 3 sav.<\/li>\n<\/ul>\n","protected":false},"featured_media":2945,"comment_status":"open","ping_status":"closed","template":"","meta":[],"product_cat":[101],"product_tag":[],"class_list":["post-2960","product","type-product","status-publish","has-post-thumbnail","hentry","product_cat-sirmos","product-has-gallery"],"_links":{"self":[{"href":"https:\/\/mlo.lt\/index.php\/wp-json\/wp\/v2\/product\/2960","targetHints":{"allow":["GET"]}}],"collection":[{"href":"https:\/\/mlo.lt\/index.php\/wp-json\/wp\/v2\/product"}],"about":[{"href":"https:\/\/mlo.lt\/index.php\/wp-json\/wp\/v2\/types\/product"}],"replies":[{"embeddable":true,"href":"https:\/\/mlo.lt\/index.php\/wp-json\/wp\/v2\/comments?post=2960"}],"wp:featuredmedia":[{"embeddable":true,"href":"https:\/\/mlo.lt\/index.php\/wp-json\/wp\/v2\/media\/2945"}],"wp:attachment":[{"href":"https:\/\/mlo.lt\/index.php\/wp-json\/wp\/v2\/media?parent=2960"}],"wp:term":[{"taxonomy":"product_cat","embeddable":true,"href":"https:\/\/mlo.lt\/index.php\/wp-json\/wp\/v2\/product_cat?post=2960"},{"taxonomy":"product_tag","embeddable":true,"href":"https:\/\/mlo.lt\/index.php\/wp-json\/wp\/v2\/product_tag?post=2960"}],"curies":[{"name":"wp","href":"https:\/\/api.w.org\/{rel}","templated":true}]}}