{"id":2828,"date":"2023-02-22T11:11:00","date_gmt":"2023-02-22T11:11:00","guid":{"rendered":"https:\/\/mlo.lt\/?post_type=product&#038;p=2828"},"modified":"2026-02-12T12:52:12","modified_gmt":"2026-02-12T12:52:12","slug":"stacionarus-masazo-stalas-spa-luxury-riesuto-remas","status":"publish","type":"product","link":"https:\/\/mlo.lt\/index.php\/product\/stacionarus-masazo-stalas-spa-luxury-riesuto-remas\/","title":{"rendered":"Stacionarus masa\u017eo stalas SPA Luxury (rie\u0161uto r\u0117mas)"},"content":{"rendered":"<p id=\"tw-target-text\" class=\"tw-data-text tw-text-large tw-ta\" dir=\"ltr\" data-placeholder=\"Vertimas\"><span class=\"Y2IQFc\" lang=\"lt\">Stacionar\u016bs SPA serijos stalai masa\u017eui ir reabilitacijai sukurti sveikatingumo centrams, dienos SPA salonams, SPA &amp; sveikatingumo zonoms, kuriose ie\u0161koma stabilaus ir komforti\u0161ko \u012frenginio \u012ftemptam darbui. Kiekvienas i\u0161 masa\u017eo ir reabilitacijos stalo komponent\u0173 yra pagamintas maksimaliai tiksliai, yra lygus, malonus liesti, esteti\u0161kas ir, svarbiausia, saugus klientui. Stacionarus masa\u017eo ir reabilitacijos stalas i\u0161 SPA serijos naudojamas ten, kur kliento reikalavimams ar proced\u016br\u0173 specifikai reikalingas i\u0161skirtinis originalaus dizaino stalas, atsparus auk\u0161tam sl\u0117giui, pasi\u017eymintis dideliu i\u0161ilginiu ir skersiniu stabilumu. \u0160io stalo paskirtis \u2013 klasikinis masa\u017eas, SPA proced\u016bros ir ritualai, gro\u017eio proced\u016bros ir kineziterapija.<\/span><\/p>\n<ul>\n<li>Auk\u0161\u010diausios kokyb\u0117s rank\u0173 darbo stacionarus masa\u017eo stalas;<\/li>\n<li>Ergonomi\u0161kas galvos atlo\u0161as su reguliuojamu pakreipimo kampu;<\/li>\n<li>Priekinis porankis;<\/li>\n<li>Dvipusis galvos atramos arba pakabos tvirtinimas vienkartiniams rank\u0161luos\u010diams;<\/li>\n<li>Lentyna priedams.<\/li>\n<\/ul>\n","protected":false},"excerpt":{"rendered":"<ul>\n<li>Auk\u0161tis: nuo 60 cm iki 85 cm (reguliuojamas kas 5 cm);<\/li>\n<li>Plotis: 67 cm;<\/li>\n<li>Ilgis: 202 cm (232 cm\u00a0 su galvos atrama);<\/li>\n<li>Svoris: 50 kg (be pried\u0173);<\/li>\n<li>R\u0117mo spalva: rie\u0161utas;<\/li>\n<li>Maksimali dinamin\u0117 apkrova:370 kg;<\/li>\n<li>Maksimali statin\u0117 apkrova: 1500 kg;<\/li>\n<li>Apmu\u0161alas: ergo &#8211; 5 cm elastingas ir nesideformuojantis porolonas;<\/li>\n<li>Sertifikatai: <span lang=\"lt\">T\u00dcV Riehland, CE, FIRA ir Oeko-Tex, IQT B.T.L;<\/span><\/li>\n<li>Pristatymas per 3 sav.<\/li>\n<\/ul>\n","protected":false},"featured_media":2839,"comment_status":"open","ping_status":"closed","template":"","meta":[],"product_cat":[103,53,51],"product_tag":[],"class_list":["post-2828","product","type-product","status-publish","has-post-thumbnail","hentry","product_cat-stacionarus-estetines-medincinos-ir-grozio-proceduru-stalai","product_cat-stacionarus-masazo-stalai","product_cat-spa-ir-sveikatingumo-centro-gultai-stalai","product-has-gallery"],"_links":{"self":[{"href":"https:\/\/mlo.lt\/index.php\/wp-json\/wp\/v2\/product\/2828","targetHints":{"allow":["GET"]}}],"collection":[{"href":"https:\/\/mlo.lt\/index.php\/wp-json\/wp\/v2\/product"}],"about":[{"href":"https:\/\/mlo.lt\/index.php\/wp-json\/wp\/v2\/types\/product"}],"replies":[{"embeddable":true,"href":"https:\/\/mlo.lt\/index.php\/wp-json\/wp\/v2\/comments?post=2828"}],"wp:featuredmedia":[{"embeddable":true,"href":"https:\/\/mlo.lt\/index.php\/wp-json\/wp\/v2\/media\/2839"}],"wp:attachment":[{"href":"https:\/\/mlo.lt\/index.php\/wp-json\/wp\/v2\/media?parent=2828"}],"wp:term":[{"taxonomy":"product_cat","embeddable":true,"href":"https:\/\/mlo.lt\/index.php\/wp-json\/wp\/v2\/product_cat?post=2828"},{"taxonomy":"product_tag","embeddable":true,"href":"https:\/\/mlo.lt\/index.php\/wp-json\/wp\/v2\/product_tag?post=2828"}],"curies":[{"name":"wp","href":"https:\/\/api.w.org\/{rel}","templated":true}]}}