{"id":2712,"date":"2023-02-22T08:51:44","date_gmt":"2023-02-22T08:51:44","guid":{"rendered":"https:\/\/mlo.lt\/?post_type=product&#038;p=2712"},"modified":"2023-02-27T07:14:54","modified_gmt":"2023-02-27T07:14:54","slug":"sulankstomas-masazo-stalas-su-priedais-prime-max-plus","status":"publish","type":"product","link":"https:\/\/mlo.lt\/index.php\/product\/sulankstomas-masazo-stalas-su-priedais-prime-max-plus\/","title":{"rendered":"Sulankstomas masa\u017eo stalas su priedais Prime Max Plus"},"content":{"rendered":"<p>\u201cPrime\u201d stalai buvo sukurti masa\u017eo terapeutams, ie\u0161kantiems patvaraus, atsparaus da\u017enam i\u0161ssiskleidimui ir sulankstymui, stabilaus ir patogaus baldo sunkiam darbui. Kiekvienas i\u0161 \u0161io masa\u017eo ir reabilitacijos stal\u0173 komponent\u0173 yra pagaminti maksimaliai tiksliai, lygiai, esteti\u0161kai ir svarbiausia saugiai pacientui. Stalai pasi\u017eymi dideliu i\u0161ilginiu ir skersiniu stabilumu bei yra skirti klasikiniui, sportiniam masa\u017eui, refleksoterapijai, fizinei reabilitacijai, sensorinei terapijai.<\/p>\n<p>&nbsp;<\/p>\n<ul>\n<li>Auk\u0161\u010diausios kokyb\u0117s rank\u0173 darbo sulankstomas masa\u017eo stalas;<\/li>\n<li>Ergonomi\u0161kas galvos atlo\u0161as su reguliuojamu pakreipimo kampu;<\/li>\n<li>Priekinis porankis;<\/li>\n<li>Pagrindinis transportavimo krep\u0161ys;<\/li>\n<li><strong>&#8222;X-fold&#8221;<\/strong> gumeli\u0173 r\u0117mo sistema;<\/li>\n<li><b>Platesnis &#8211; 80 cm gultas.<\/b><\/li>\n<\/ul>\n","protected":false},"excerpt":{"rendered":"<ul>\n<li>Auk\u0161tis: nuo 60 cm iki 80 cm (reguliuojamas kas 5 cm);<\/li>\n<li>Plotis:<strong> 80 cm<\/strong>;<\/li>\n<li>Ilgis: 180 cm (210 cm\u00a0 su galvos atrama);<\/li>\n<li>Sulankstyto stalo matmenys: 90cm \/ 67cm \/ 16cm;<\/li>\n<li>Svoris: 17 kg (be pried\u0173);<\/li>\n<li>Maksimali dinamin\u0117 apkrova: 500 kg;<\/li>\n<li>Maksimali statin\u0117 apkrova: 1500 kg;<\/li>\n<li>Koj\u0173 konstrukcija: medis (bukas);<\/li>\n<li>Apmu\u0161alas: ergo &#8211; 3 cm elastingas ir nesideformuojantis porolonas;<\/li>\n<li>Sertifikatai: <span lang=\"lt\">T\u00dcV Riehland, CE, FIRA ir Oeko-Tex, IQT B.T.L;<\/span><\/li>\n<li>Pristatymas per 3 sav.<\/li>\n<\/ul>\n","protected":false},"featured_media":2723,"comment_status":"open","ping_status":"closed","template":"","meta":[],"product_cat":[49],"product_tag":[],"class_list":["post-2712","product","type-product","status-publish","has-post-thumbnail","hentry","product_cat-sulankstomi-masazo-stalai","product-has-gallery"],"_links":{"self":[{"href":"https:\/\/mlo.lt\/index.php\/wp-json\/wp\/v2\/product\/2712","targetHints":{"allow":["GET"]}}],"collection":[{"href":"https:\/\/mlo.lt\/index.php\/wp-json\/wp\/v2\/product"}],"about":[{"href":"https:\/\/mlo.lt\/index.php\/wp-json\/wp\/v2\/types\/product"}],"replies":[{"embeddable":true,"href":"https:\/\/mlo.lt\/index.php\/wp-json\/wp\/v2\/comments?post=2712"}],"wp:featuredmedia":[{"embeddable":true,"href":"https:\/\/mlo.lt\/index.php\/wp-json\/wp\/v2\/media\/2723"}],"wp:attachment":[{"href":"https:\/\/mlo.lt\/index.php\/wp-json\/wp\/v2\/media?parent=2712"}],"wp:term":[{"taxonomy":"product_cat","embeddable":true,"href":"https:\/\/mlo.lt\/index.php\/wp-json\/wp\/v2\/product_cat?post=2712"},{"taxonomy":"product_tag","embeddable":true,"href":"https:\/\/mlo.lt\/index.php\/wp-json\/wp\/v2\/product_tag?post=2712"}],"curies":[{"name":"wp","href":"https:\/\/api.w.org\/{rel}","templated":true}]}}