{"id":1686,"date":"2021-02-25T09:39:24","date_gmt":"2021-02-25T09:39:24","guid":{"rendered":"http:\/\/mlo.lt\/?post_type=product&#038;p=1686"},"modified":"2023-03-13T12:26:56","modified_gmt":"2023-03-13T12:26:56","slug":"meistro-kede-round-4-juoda-kremine","status":"publish","type":"product","link":"https:\/\/mlo.lt\/index.php\/product\/meistro-kede-round-4-juoda-kremine\/","title":{"rendered":"Meistro k\u0117d\u0117 Round 4 (juoda\/kremin\u0117)"},"content":{"rendered":"<p>Jus tikrai nud\u017eiugins auk\u0161tos kokyb\u0117s danga ir mink\u0161tas s\u0117dyn\u0117s u\u017epildas, o k\u0117d\u0117s kojel\u0117s i\u0161 chromuoto metalo su atrama kojoms leis patogiai jaustis visos proced\u016bros metu. \u0160i stilingo dizaino k\u0117d\u0117 puikiai papildys J\u016bs\u0173 salono interjer\u0105. I\u0161sirinkite norim\u0105 spalv\u0105 ir J\u016bs\u0173 \u012fstaiga padarysite \u0161iuolaiki\u0161kesne ir jaukesne Jums!<\/p>\n<p>&nbsp;<\/p>\n","protected":false},"excerpt":{"rendered":"<ul>\n<li>Reguliuojamas auk\u0161tis: 47-62 cm;<\/li>\n<li>Apmu\u0161alo spalva: kremin\u0117, juoda;<\/li>\n<li>Kry\u017em\u0117: metalin\u0117;<\/li>\n<li>Ratukai: gumuoti arba plastikiniai;<\/li>\n<li>Maksimali apkrova: 100 kg;<\/li>\n<\/ul>\n","protected":false},"featured_media":1687,"comment_status":"open","ping_status":"closed","template":"","meta":[],"product_cat":[63],"product_tag":[],"class_list":["post-1686","product","type-product","status-publish","has-post-thumbnail","hentry","product_cat-kedes-ant-ratuku","product-has-gallery"],"_links":{"self":[{"href":"https:\/\/mlo.lt\/index.php\/wp-json\/wp\/v2\/product\/1686","targetHints":{"allow":["GET"]}}],"collection":[{"href":"https:\/\/mlo.lt\/index.php\/wp-json\/wp\/v2\/product"}],"about":[{"href":"https:\/\/mlo.lt\/index.php\/wp-json\/wp\/v2\/types\/product"}],"replies":[{"embeddable":true,"href":"https:\/\/mlo.lt\/index.php\/wp-json\/wp\/v2\/comments?post=1686"}],"wp:featuredmedia":[{"embeddable":true,"href":"https:\/\/mlo.lt\/index.php\/wp-json\/wp\/v2\/media\/1687"}],"wp:attachment":[{"href":"https:\/\/mlo.lt\/index.php\/wp-json\/wp\/v2\/media?parent=1686"}],"wp:term":[{"taxonomy":"product_cat","embeddable":true,"href":"https:\/\/mlo.lt\/index.php\/wp-json\/wp\/v2\/product_cat?post=1686"},{"taxonomy":"product_tag","embeddable":true,"href":"https:\/\/mlo.lt\/index.php\/wp-json\/wp\/v2\/product_tag?post=1686"}],"curies":[{"name":"wp","href":"https:\/\/api.w.org\/{rel}","templated":true}]}}