{"id":1679,"date":"2021-02-25T09:31:03","date_gmt":"2021-02-25T09:31:03","guid":{"rendered":"http:\/\/mlo.lt\/?post_type=product&#038;p=1679"},"modified":"2023-03-13T12:30:23","modified_gmt":"2023-03-13T12:30:23","slug":"meistro-kede-round-3-juoda","status":"publish","type":"product","link":"https:\/\/mlo.lt\/index.php\/product\/meistro-kede-round-3-juoda\/","title":{"rendered":"Meistro k\u0117d\u0117 Round 3 (juoda)"},"content":{"rendered":"<p>K\u0117d\u0117 apmu\u0161ta auk\u0161tos kokyb\u0117s vinilo danga, kojel\u0117s \u2013 i\u0161 tvirto plastiko. Galite neabejoti, kad k\u0117d\u0117 Jums tarnaus ilgai! Mink\u0161tas patogios apvalios formos s\u0117dyn\u0117s u\u017epildas leis Jums patogiai jaustis vis\u0105 laik\u0105, kol vyks proced\u016bra. Kadangi k\u0117d\u0117 su ratukais, lengvai gal\u0117site j\u0105 perstumti i\u0161 vienos vietos \u012f kit\u0105.<\/p>\n<p>&nbsp;<\/p>\n","protected":false},"excerpt":{"rendered":"<ul>\n<li>Reguliuojamas auk\u0161tis: 47-62 cm;<\/li>\n<li>Apmu\u0161alo spalva: juoda;<\/li>\n<li>Kry\u017em\u0117: plastikin\u0117;<\/li>\n<li>Ratukai: gumuoti arba plastikiniai;<\/li>\n<li>Maksimali apkrova: 100 kg;<\/li>\n<\/ul>\n","protected":false},"featured_media":1682,"comment_status":"open","ping_status":"closed","template":"","meta":[],"product_cat":[63],"product_tag":[],"class_list":["post-1679","product","type-product","status-publish","has-post-thumbnail","hentry","product_cat-kedes-ant-ratuku","product-has-gallery"],"_links":{"self":[{"href":"https:\/\/mlo.lt\/index.php\/wp-json\/wp\/v2\/product\/1679","targetHints":{"allow":["GET"]}}],"collection":[{"href":"https:\/\/mlo.lt\/index.php\/wp-json\/wp\/v2\/product"}],"about":[{"href":"https:\/\/mlo.lt\/index.php\/wp-json\/wp\/v2\/types\/product"}],"replies":[{"embeddable":true,"href":"https:\/\/mlo.lt\/index.php\/wp-json\/wp\/v2\/comments?post=1679"}],"wp:featuredmedia":[{"embeddable":true,"href":"https:\/\/mlo.lt\/index.php\/wp-json\/wp\/v2\/media\/1682"}],"wp:attachment":[{"href":"https:\/\/mlo.lt\/index.php\/wp-json\/wp\/v2\/media?parent=1679"}],"wp:term":[{"taxonomy":"product_cat","embeddable":true,"href":"https:\/\/mlo.lt\/index.php\/wp-json\/wp\/v2\/product_cat?post=1679"},{"taxonomy":"product_tag","embeddable":true,"href":"https:\/\/mlo.lt\/index.php\/wp-json\/wp\/v2\/product_tag?post=1679"}],"curies":[{"name":"wp","href":"https:\/\/api.w.org\/{rel}","templated":true}]}}