{"id":1558,"date":"2021-02-18T12:53:30","date_gmt":"2021-02-18T12:53:30","guid":{"rendered":"http:\/\/mlo.lt\/?post_type=product&#038;p=1558"},"modified":"2023-03-12T19:23:32","modified_gmt":"2023-03-12T19:23:32","slug":"karstu-akmenu-terapija-profesionalus-60-ies-akmenu-rinkinys","status":"publish","type":"product","link":"https:\/\/mlo.lt\/index.php\/product\/karstu-akmenu-terapija-profesionalus-60-ies-akmenu-rinkinys\/","title":{"rendered":"Kar\u0161t\u0173 akmen\u0173 terapija &#8211; profesionalus 60-ies akmen\u0173 rinkinys"},"content":{"rendered":"<p>Kar\u0161t\u0173 akmen\u0173 masa\u017eas yra tokia masa\u017eo r\u016b\u0161is, kurios metu naudojami kar\u0161ti juodi, bazalto akmenys, kurie dedami ant k\u016bno. Akmenys dedami \u012f \u0161ilt\u0105 vanden\u012f ir kaitinami iki ma\u017edaug 60 laipsni\u0173 temperat\u016bros. Tikslas yra suteikti terapin\u012f raumen\u0173 atsipalaidavim\u0105.<\/p>\n<p><strong>Kuo naudinga akmen\u0173 terapija?<\/strong><\/p>\n<p>\u21d2pa\u0161alina toksinus i\u0161 organizmo;<\/p>\n<p>\u21d2skatina l\u0105steli\u0173 atsinaujinim\u0105;<\/p>\n<p>\u21d2padeda susidoroti su nemiga;<\/p>\n<p>\u21d2paspartina atsigavimo proces\u0105 migrenos, depresijos, med\u017eiag\u0173 apykaitos sutrikim\u0173 ir kit\u0173 lig\u0173 atvejais.<\/p>\n<p>\u0160is nat\u016brali\u0173 juod\u0173j\u0173 akmen\u0173 rinkinys yra ideali dovana &#8211; akmenys supakuoti \u012f stiling\u0105 bambuko d\u0117\u017eut\u0119, kur juos patogu laikyti.<\/p>\n<p>&nbsp;<\/p>\n","protected":false},"excerpt":{"rendered":"<ul>\n<li>\u0160iame profesionaliame rinkinyje yra 60 juod\u0173 nat\u016brali\u0173 akmen\u0173:<\/li>\n<li>3 ypa\u010d dideli akmenys (kry\u017ekaulis, kaklas, saul\u0117s rezginys) -11 x 7 x 2,5 cm;<\/li>\n<li>6 dideli akmenys (nugara ir kojos) &#8211; 7.5 x 5.5 x 2.75 cm;<\/li>\n<li>2 gili\u0173 audini\u0173\/trigerio ta\u0161ko akmenys &#8211; 8 x 3 x 1.75 cm;<\/li>\n<li>10 vidutini\u0173 akmen\u0173 (rankos+delnai) &#8211; 6. 5 x 4.5 x 1.75 cm;<\/li>\n<li>8 ma\u017ei apval\u016bs &#8211; 4.25 x 0.8 cm;<\/li>\n<li>6 ma\u017ei veido &#8211;\u00a0 3.5 x 2.5 x 1.8 cm;<\/li>\n<li>6 ypa\u010d ma\u017ei veido apval\u016bs &#8211; 2.25 x 0.8 cm;<\/li>\n<li>8 kojos pir\u0161tams &#8211; 3.5 x 2.75 x 0.8 cm;<\/li>\n<li>7 \u010dakr\u0173 akmenys;<\/li>\n<li>4 x 0,.8 cm, 4 akmenys (\u0161alto marmuro);<\/li>\n<li>Bambukin\u0117 d\u0117\u017eut\u0117.<\/li>\n<\/ul>\n","protected":false},"featured_media":1562,"comment_status":"open","ping_status":"closed","template":"","meta":[],"product_cat":[109],"product_tag":[],"class_list":["post-1558","product","type-product","status-publish","has-post-thumbnail","hentry","product_cat-masazo-akmenys","product-has-gallery"],"_links":{"self":[{"href":"https:\/\/mlo.lt\/index.php\/wp-json\/wp\/v2\/product\/1558","targetHints":{"allow":["GET"]}}],"collection":[{"href":"https:\/\/mlo.lt\/index.php\/wp-json\/wp\/v2\/product"}],"about":[{"href":"https:\/\/mlo.lt\/index.php\/wp-json\/wp\/v2\/types\/product"}],"replies":[{"embeddable":true,"href":"https:\/\/mlo.lt\/index.php\/wp-json\/wp\/v2\/comments?post=1558"}],"wp:featuredmedia":[{"embeddable":true,"href":"https:\/\/mlo.lt\/index.php\/wp-json\/wp\/v2\/media\/1562"}],"wp:attachment":[{"href":"https:\/\/mlo.lt\/index.php\/wp-json\/wp\/v2\/media?parent=1558"}],"wp:term":[{"taxonomy":"product_cat","embeddable":true,"href":"https:\/\/mlo.lt\/index.php\/wp-json\/wp\/v2\/product_cat?post=1558"},{"taxonomy":"product_tag","embeddable":true,"href":"https:\/\/mlo.lt\/index.php\/wp-json\/wp\/v2\/product_tag?post=1558"}],"curies":[{"name":"wp","href":"https:\/\/api.w.org\/{rel}","templated":true}]}}