{"id":1547,"date":"2021-02-18T12:20:26","date_gmt":"2021-02-18T12:20:26","guid":{"rendered":"http:\/\/mlo.lt\/?post_type=product&#038;p=1547"},"modified":"2023-03-12T19:27:37","modified_gmt":"2023-03-12T19:27:37","slug":"karstu-akmenu-terapija-profesionalus-22-ju-akmenu-rinkinys","status":"publish","type":"product","link":"https:\/\/mlo.lt\/index.php\/product\/karstu-akmenu-terapija-profesionalus-22-ju-akmenu-rinkinys\/","title":{"rendered":"Kar\u0161t\u0173 akmen\u0173 terapija &#8211; profesionalus 22-j\u0173 akmen\u0173 rinkinys"},"content":{"rendered":"<p>Kar\u0161t\u0173 akmen\u0173 masa\u017eas yra tokia masa\u017eo r\u016b\u0161is, kurios metu naudojami kar\u0161ti juodi, bazalto akmenys, kurie dedami ant k\u016bno. Akmenys dedami \u012f \u0161ilt\u0105 vanden\u012f ir kaitinami iki ma\u017edaug 60 laipsni\u0173 temperat\u016bros. Tikslas yra suteikti terapin\u012f raumen\u0173 atsipalaidavim\u0105.<\/p>\n<p><strong>Kuo naudinga akmen\u0173 terapija?<\/strong><\/p>\n<p>\u21d2pa\u0161alina toksinus i\u0161 organizmo;<\/p>\n<p>\u21d2skatina l\u0105steli\u0173 atsinaujinim\u0105;<\/p>\n<p>\u21d2padeda susidoroti su nemiga;<\/p>\n<p>\u21d2paspartina atsigavimo proces\u0105 migrenos, depresijos, med\u017eiag\u0173 apykaitos sutrikim\u0173 ir kit\u0173 lig\u0173 atvejais.<\/p>\n<p>\u0160is nat\u016brali\u0173 juod\u0173j\u0173 akmen\u0173 rinkinys yra ideali dovana &#8211; akmenys supakuoti \u012f stiling\u0105 bambuko d\u0117\u017eut\u0119, kur juos patogu laikyti.<\/p>\n","protected":false},"excerpt":{"rendered":"<p>Profesionalus rinkinys, kur\u012f sudaro 22 juodi nat\u016bral\u016bs akmenys \u012fvairi\u0173 dyd\u017ei\u0173:<\/p>\n<ul>\n<li>8 dideli akmenys;<\/li>\n<li>8 vidutiniai akmenys;<\/li>\n<li>4 ma\u017ei apval\u016bs;<\/li>\n<li>2 ypa\u010d ma\u017ei \u2013\u00a0 akmenukai veidui;<\/li>\n<\/ul>\n<p>Supakuoti bambukin\u0117je d\u0117\u017eut\u0117je.<\/p>\n","protected":false},"featured_media":1551,"comment_status":"open","ping_status":"closed","template":"","meta":[],"product_cat":[109],"product_tag":[],"class_list":["post-1547","product","type-product","status-publish","has-post-thumbnail","hentry","product_cat-masazo-akmenys","product-has-gallery"],"_links":{"self":[{"href":"https:\/\/mlo.lt\/index.php\/wp-json\/wp\/v2\/product\/1547","targetHints":{"allow":["GET"]}}],"collection":[{"href":"https:\/\/mlo.lt\/index.php\/wp-json\/wp\/v2\/product"}],"about":[{"href":"https:\/\/mlo.lt\/index.php\/wp-json\/wp\/v2\/types\/product"}],"replies":[{"embeddable":true,"href":"https:\/\/mlo.lt\/index.php\/wp-json\/wp\/v2\/comments?post=1547"}],"wp:featuredmedia":[{"embeddable":true,"href":"https:\/\/mlo.lt\/index.php\/wp-json\/wp\/v2\/media\/1551"}],"wp:attachment":[{"href":"https:\/\/mlo.lt\/index.php\/wp-json\/wp\/v2\/media?parent=1547"}],"wp:term":[{"taxonomy":"product_cat","embeddable":true,"href":"https:\/\/mlo.lt\/index.php\/wp-json\/wp\/v2\/product_cat?post=1547"},{"taxonomy":"product_tag","embeddable":true,"href":"https:\/\/mlo.lt\/index.php\/wp-json\/wp\/v2\/product_tag?post=1547"}],"curies":[{"name":"wp","href":"https:\/\/api.w.org\/{rel}","templated":true}]}}