{"id":1487,"date":"2021-02-18T11:38:00","date_gmt":"2021-02-18T11:38:00","guid":{"rendered":"http:\/\/mlo.lt\/?post_type=product&#038;p=1487"},"modified":"2023-02-27T07:16:58","modified_gmt":"2023-02-27T07:16:58","slug":"masazo-pagalve-pleistas","status":"publish","type":"product","link":"https:\/\/mlo.lt\/index.php\/product\/masazo-pagalve-pleistas\/","title":{"rendered":"Masa\u017eo pagalv\u0117 &#8211; plei\u0161tas"},"content":{"rendered":"","protected":false},"excerpt":{"rendered":"<ul>\n<li>Universali\u00a0 masa\u017eo pagalv\u0117-plei\u0161tas;<\/li>\n<li>Ak\u0161tis: 16 cm;<\/li>\n<li>Plotis: 50 cm;<\/li>\n<li>Ilgis: 34 cm;<\/li>\n<li>Svoris: 1 kg;<\/li>\n<li>Pristatymas per 3 sav.<\/li>\n<\/ul>\n<p>&nbsp;<\/p>\n","protected":false},"featured_media":3089,"comment_status":"open","ping_status":"closed","template":"","meta":[],"product_cat":[66],"product_tag":[],"class_list":["post-1487","product","type-product","status-publish","has-post-thumbnail","hentry","product_cat-aksesuarai","product-has-gallery"],"_links":{"self":[{"href":"https:\/\/mlo.lt\/index.php\/wp-json\/wp\/v2\/product\/1487","targetHints":{"allow":["GET"]}}],"collection":[{"href":"https:\/\/mlo.lt\/index.php\/wp-json\/wp\/v2\/product"}],"about":[{"href":"https:\/\/mlo.lt\/index.php\/wp-json\/wp\/v2\/types\/product"}],"replies":[{"embeddable":true,"href":"https:\/\/mlo.lt\/index.php\/wp-json\/wp\/v2\/comments?post=1487"}],"wp:featuredmedia":[{"embeddable":true,"href":"https:\/\/mlo.lt\/index.php\/wp-json\/wp\/v2\/media\/3089"}],"wp:attachment":[{"href":"https:\/\/mlo.lt\/index.php\/wp-json\/wp\/v2\/media?parent=1487"}],"wp:term":[{"taxonomy":"product_cat","embeddable":true,"href":"https:\/\/mlo.lt\/index.php\/wp-json\/wp\/v2\/product_cat?post=1487"},{"taxonomy":"product_tag","embeddable":true,"href":"https:\/\/mlo.lt\/index.php\/wp-json\/wp\/v2\/product_tag?post=1487"}],"curies":[{"name":"wp","href":"https:\/\/api.w.org\/{rel}","templated":true}]}}