{"id":1364,"date":"2021-02-14T10:28:56","date_gmt":"2021-02-14T10:28:56","guid":{"rendered":"http:\/\/mlo.lt\/?post_type=product&#038;p=1364"},"modified":"2023-03-13T13:40:29","modified_gmt":"2023-03-13T13:40:29","slug":"kede-restpro-round-1","status":"publish","type":"product","link":"https:\/\/mlo.lt\/index.php\/product\/kede-restpro-round-1\/","title":{"rendered":"Meistro k\u0117d\u0117 Round 1 juoda\/kremin\u0117"},"content":{"rendered":"<p>K\u0117d\u0117 apmu\u0161ta auk\u0161tos kokyb\u0117s vinilo danga, kojel\u0117s \u2013 i\u0161 tvirto plastiko. Galite neabejoti, kad k\u0117d\u0117 Jums tarnaus ilgai! Mink\u0161tas patogios apvalios formos s\u0117dyn\u0117s u\u017epildas leis Jums patogiai jaustis vis\u0105 laik\u0105, kol vyks proced\u016bra. Kadangi k\u0117d\u0117 su rateliais, lengvai gal\u0117site j\u0105 perstumti i\u0161 vienos vietos \u012f kit\u0105<\/p>\n<p>&nbsp;<\/p>\n","protected":false},"excerpt":{"rendered":"<ul>\n<li>Reguliuojamas auk\u0161tis: 47-60 cm;<\/li>\n<li>Svoris: 5 kg;<\/li>\n<li>Spalva: juoda; kremin\u0117;<\/li>\n<li>Kry\u017em\u0117: plastikin\u0117<\/li>\n<li>Maksimali apkrova: 100 kg;<\/li>\n<li>Pakuot\u0117s matmenys: 55x55x18 cm.<\/li>\n<\/ul>\n","protected":false},"featured_media":1368,"comment_status":"open","ping_status":"closed","template":"","meta":[],"product_cat":[63],"product_tag":[],"class_list":["post-1364","product","type-product","status-publish","has-post-thumbnail","hentry","product_cat-kedes-ant-ratuku","product-has-gallery"],"_links":{"self":[{"href":"https:\/\/mlo.lt\/index.php\/wp-json\/wp\/v2\/product\/1364","targetHints":{"allow":["GET"]}}],"collection":[{"href":"https:\/\/mlo.lt\/index.php\/wp-json\/wp\/v2\/product"}],"about":[{"href":"https:\/\/mlo.lt\/index.php\/wp-json\/wp\/v2\/types\/product"}],"replies":[{"embeddable":true,"href":"https:\/\/mlo.lt\/index.php\/wp-json\/wp\/v2\/comments?post=1364"}],"wp:featuredmedia":[{"embeddable":true,"href":"https:\/\/mlo.lt\/index.php\/wp-json\/wp\/v2\/media\/1368"}],"wp:attachment":[{"href":"https:\/\/mlo.lt\/index.php\/wp-json\/wp\/v2\/media?parent=1364"}],"wp:term":[{"taxonomy":"product_cat","embeddable":true,"href":"https:\/\/mlo.lt\/index.php\/wp-json\/wp\/v2\/product_cat?post=1364"},{"taxonomy":"product_tag","embeddable":true,"href":"https:\/\/mlo.lt\/index.php\/wp-json\/wp\/v2\/product_tag?post=1364"}],"curies":[{"name":"wp","href":"https:\/\/api.w.org\/{rel}","templated":true}]}}