{"id":1192,"date":"2021-02-08T14:40:24","date_gmt":"2021-02-08T14:40:24","guid":{"rendered":"http:\/\/mlo.lt\/?post_type=product&#038;p=1192"},"modified":"2023-02-27T07:19:03","modified_gmt":"2023-02-27T07:19:03","slug":"sulankstomas-stalas-estetines-medicinos-ir-grozio-proceduroms-lash-200","status":"publish","type":"product","link":"https:\/\/mlo.lt\/index.php\/product\/sulankstomas-stalas-estetines-medicinos-ir-grozio-proceduroms-lash-200\/","title":{"rendered":"Sulankstomas estetin\u0117s medicinos ir gro\u017eio proced\u016br\u0173 stalas Beauty Lash 200"},"content":{"rendered":"<p>\u201cBeauty\u201d stalai buvo sukurti terapeutams, ie\u0161kantiems patvaraus, atsparaus da\u017enam i\u0161ssiskleidimui ir sulankstymui, stabilaus ir patogaus baldo sunkiam darbui. Modelis Lash yra skirtas veido proced\u016broms atlikti bei tokioms proced\u016broms kaip blakstien\u0173 priauginimas. Jam b\u016bdinga kompakti\u0161ka konstrukcija, lengvas suskleidimas bei didelis \u0161oninis stabilumas. Daugiausia \u0161is stalas naudojamas mobiliems gro\u017eio salonams bei seminarams vesti.<\/p>\n<ul>\n<li>Auk\u0161\u010diausios kokyb\u0117s rank\u0173 darbo sulankstomas masa\u017eo ir kosmetikos proced\u016br\u0173 stalas;<\/li>\n<li>Galvos atramos pagalv\u0117;<\/li>\n<li>Reabilitacinis volelis;<\/li>\n<li><strong>\u201cAccess\u201d<\/strong>\u00a0koj\u0173 prieigos sistema.<\/li>\n<li>Pagrindinis transportavimo krep\u0161ys;<\/li>\n<li><strong>\u201cX-fold\u201d<\/strong>\u00a0gumeli\u0173 r\u0117mo sistema;<\/li>\n<\/ul>\n","protected":false},"excerpt":{"rendered":"<ul>\n<li>Auk\u0161tis: nuo 60 cm iki 80 cm (reguliuojamas kas 5 cm);<\/li>\n<li>Plotis: 67 cm;<\/li>\n<li>Ilgis:<strong> 200 cm (230 cm\u00a0 su galvos atrama)<\/strong>;<\/li>\n<li>Sulankstyto stalo matmenys: 100cm \/ 67cm \/ 20cm;<\/li>\n<li>Svoris: 17 kg (be pried\u0173);<\/li>\n<li>Maksimali dinamin\u0117 apkrova: 370 kg;<\/li>\n<li>Maksimali statin\u0117 apkrova: 1500 kg;<\/li>\n<li>Koj\u0173 konstrukcija: medis;<\/li>\n<li>Apmu\u0161alas: ergo \u2013 5 cm labai elastingas ir nesideformuojantis porolonas &#8211; COMFORT LUX;<\/li>\n<li>Sertifikatai:\u00a0<span lang=\"lt\">T\u00dcV Riehland, CE, FIRA ir Oeko-Tex, IQT B.T.L;<\/span><\/li>\n<li>Pristatymas per 3 sav.<\/li>\n<\/ul>\n","protected":false},"featured_media":1199,"comment_status":"open","ping_status":"closed","template":"","meta":[],"product_cat":[61],"product_tag":[],"class_list":["post-1192","product","type-product","status-publish","has-post-thumbnail","hentry","product_cat-sulankstomi-estetines-medicinos-ir-grozio-proceduru-stalai","product-has-gallery"],"_links":{"self":[{"href":"https:\/\/mlo.lt\/index.php\/wp-json\/wp\/v2\/product\/1192","targetHints":{"allow":["GET"]}}],"collection":[{"href":"https:\/\/mlo.lt\/index.php\/wp-json\/wp\/v2\/product"}],"about":[{"href":"https:\/\/mlo.lt\/index.php\/wp-json\/wp\/v2\/types\/product"}],"replies":[{"embeddable":true,"href":"https:\/\/mlo.lt\/index.php\/wp-json\/wp\/v2\/comments?post=1192"}],"wp:featuredmedia":[{"embeddable":true,"href":"https:\/\/mlo.lt\/index.php\/wp-json\/wp\/v2\/media\/1199"}],"wp:attachment":[{"href":"https:\/\/mlo.lt\/index.php\/wp-json\/wp\/v2\/media?parent=1192"}],"wp:term":[{"taxonomy":"product_cat","embeddable":true,"href":"https:\/\/mlo.lt\/index.php\/wp-json\/wp\/v2\/product_cat?post=1192"},{"taxonomy":"product_tag","embeddable":true,"href":"https:\/\/mlo.lt\/index.php\/wp-json\/wp\/v2\/product_tag?post=1192"}],"curies":[{"name":"wp","href":"https:\/\/api.w.org\/{rel}","templated":true}]}}