{"id":1125,"date":"2021-02-08T14:07:30","date_gmt":"2021-02-08T14:07:30","guid":{"rendered":"http:\/\/mlo.lt\/?post_type=product&#038;p=1125"},"modified":"2023-02-27T07:22:37","modified_gmt":"2023-02-27T07:22:37","slug":"sulankstomas-masazo-stalas-cos","status":"publish","type":"product","link":"https:\/\/mlo.lt\/index.php\/product\/sulankstomas-masazo-stalas-cos\/","title":{"rendered":"Sulankstomas estetin\u0117s medicinos ir gro\u017eio proced\u016br\u0173 stalas Beauty"},"content":{"rendered":"<p>\u201cBeauty\u201d stalai buvo sukurti terapeutams, ie\u0161kantiems patvaraus, atsparaus da\u017enam i\u0161ssiskleidimui ir sulankstymui, stabilaus ir patogaus baldo sunkiam darbui. \u0160is modelis buvo sukurtas taip, kad b\u016bt\u0173 galima atlikti \u012fvairias proced\u016bras pradedant nuo masa\u017e\u0173, baigiant SPA paslaug\u0173 teikime gro\u017eio salonuose. Jam b\u016bdinga kompakti\u0161ka konstrukcija, lengvas valymas bei didelis \u0161oninis stabilumas.<\/p>\n<ul>\n<li>Auk\u0161\u010diausios kokyb\u0117s rank\u0173 darbo sulankstomas masa\u017eo ir gro\u017eio proced\u016br\u0173 stalas;<\/li>\n<li>Ergonomi\u0161kas galvos atlo\u0161as su reguliuojamu pakreipimo kampu;<\/li>\n<li>Reguliuojami de\u0161imties pakop\u0173 atlo\u0161o pakreipimai;<\/li>\n<li>Priekinis porankis;<\/li>\n<li>Kosmetiniai porankiai;<\/li>\n<li>Kosmetikos lentyna;<\/li>\n<li>Kosmetinis pusinis volelis;<\/li>\n<li>Pagrindinis transportavimo krep\u0161ys;<\/li>\n<li><strong>\u201cX-fold\u201d<\/strong>\u00a0gumeli\u0173 r\u0117mo sistema;<\/li>\n<\/ul>\n","protected":false},"excerpt":{"rendered":"<ul>\n<li>Auk\u0161tis: nuo 60 cm iki 80 cm (reguliuojamas kas 5 cm);<\/li>\n<li>Plotis: 67 cm;<\/li>\n<li>Ilgis: 180 cm (210 cm\u00a0 su galvos atrama);<\/li>\n<li>Sulankstyto stalo matmenys: 90cm \/ 67cm \/ 16cm;<\/li>\n<li>Svoris: 20 kg (be pried\u0173);<\/li>\n<li>Maksimali dinamin\u0117 apkrova: 370 kg;<\/li>\n<li>Maksimali statin\u0117 apkrova: 1500 kg;<\/li>\n<li>Koj\u0173 konstrukcija: medis;<\/li>\n<li>Apmu\u0161alas: ergo \u2013 3 cm elastingas ir nesideformuojantis porolonas;<\/li>\n<li>Sertifikatai:\u00a0<span lang=\"lt\">T\u00dcV Riehland, CE, FIRA ir Oeko-Tex, IQT B.T.L;<\/span><\/li>\n<li>Pristatymas per 3 sav.<\/li>\n<\/ul>\n","protected":false},"featured_media":3037,"comment_status":"open","ping_status":"closed","template":"","meta":[],"product_cat":[61],"product_tag":[],"class_list":["post-1125","product","type-product","status-publish","has-post-thumbnail","hentry","product_cat-sulankstomi-estetines-medicinos-ir-grozio-proceduru-stalai","product-has-gallery"],"_links":{"self":[{"href":"https:\/\/mlo.lt\/index.php\/wp-json\/wp\/v2\/product\/1125","targetHints":{"allow":["GET"]}}],"collection":[{"href":"https:\/\/mlo.lt\/index.php\/wp-json\/wp\/v2\/product"}],"about":[{"href":"https:\/\/mlo.lt\/index.php\/wp-json\/wp\/v2\/types\/product"}],"replies":[{"embeddable":true,"href":"https:\/\/mlo.lt\/index.php\/wp-json\/wp\/v2\/comments?post=1125"}],"wp:featuredmedia":[{"embeddable":true,"href":"https:\/\/mlo.lt\/index.php\/wp-json\/wp\/v2\/media\/3037"}],"wp:attachment":[{"href":"https:\/\/mlo.lt\/index.php\/wp-json\/wp\/v2\/media?parent=1125"}],"wp:term":[{"taxonomy":"product_cat","embeddable":true,"href":"https:\/\/mlo.lt\/index.php\/wp-json\/wp\/v2\/product_cat?post=1125"},{"taxonomy":"product_tag","embeddable":true,"href":"https:\/\/mlo.lt\/index.php\/wp-json\/wp\/v2\/product_tag?post=1125"}],"curies":[{"name":"wp","href":"https:\/\/api.w.org\/{rel}","templated":true}]}}