{"id":1090,"date":"2021-02-08T13:43:02","date_gmt":"2021-02-08T13:43:02","guid":{"rendered":"http:\/\/mlo.lt\/?post_type=product&#038;p=1090"},"modified":"2023-02-27T07:23:16","modified_gmt":"2023-02-27T07:23:16","slug":"sulankstomas-masazo-stalas-lite","status":"publish","type":"product","link":"https:\/\/mlo.lt\/index.php\/product\/sulankstomas-masazo-stalas-lite\/","title":{"rendered":"Sulankstomas masa\u017eo stalas su priedais Lite"},"content":{"rendered":"<p>\u201cLite\u201d stalai buvo sukurti masa\u017eo terapeutams, ie\u0161kantiems patvaraus, atsparaus da\u017enam i\u0161ssiskleidimui ir sulankstymui, stabilaus ir patogaus baldo sunkiam darbui. Kiekvienas i\u0161 \u0161io masa\u017eo ir reabilitacijos stal\u0173 komponent\u0173 yra pagaminti maksimaliai tiksliai, lygiai, esteti\u0161kai ir svarbiausia saugiai pacientui. \u0160is modelis i\u0161sskiskiria itin tiesia linija bei yra skirtas klasikiniam, sportiniam ir kit\u0173 r\u016b\u0161i\u0173 masa\u017eams. Itin ma\u017eo svorio, kompakti\u0161kos strukt\u016bros ir paprastu naudojimu pasi\u017eymintis naujasis Lite modelis.<\/p>\n<ul>\n<li>Auk\u0161\u010diausios kokyb\u0117s rank\u0173 darbo sulankstomas masa\u017eo stalas;<\/li>\n<li>Ergonomi\u0161kas tiesus galvos atlo\u0161as;<\/li>\n<li>Priekinis porankis;<\/li>\n<li>Reabilitacinis volelis;<\/li>\n<li>Pagrindinis transportavimo krep\u0161ys;<\/li>\n<li>Dvipusis galvos atramos arba vienakrtini\u0173 rank\u0161luos\u010di\u0173 tvirtinimas;<\/li>\n<li><strong>\u201cX-fold\u201d<\/strong>\u00a0gumeli\u0173 r\u0117mo sistema;<\/li>\n<\/ul>\n","protected":false},"excerpt":{"rendered":"<ul>\n<li>Auk\u0161tis: nuo 68 cm iki 83 cm (reguliuojamas kas 5 cm);<\/li>\n<li>Plotis: 55 cm;<\/li>\n<li>Ilgis: 170 cm (200 cm\u00a0 su galvos atrama);<\/li>\n<li>Sulankstyto stalo matmenys: 85cm \/ 55cm \/ 16cm;<\/li>\n<li>Svoris: 8,5 kg (be pried\u0173);<\/li>\n<li>Maksimali dinamin\u0117 apkrova: 370 kg;<\/li>\n<li>Maksimali statin\u0117 apkrova: 1500 kg;<\/li>\n<li>Apmu\u0161alas: ergo \u2013 3 cm elastingas ir nesideformuojantis porolonas;<\/li>\n<li>Sertifikatai:\u00a0<span lang=\"lt\">T\u00dcV Riehland, CE, FIRA ir Oeko-Tex, IQT B.T.L.;<\/span><\/li>\n<li>Pristatymas per 3 sav.<\/li>\n<\/ul>\n","protected":false},"featured_media":1096,"comment_status":"open","ping_status":"closed","template":"","meta":[],"product_cat":[49],"product_tag":[],"class_list":["post-1090","product","type-product","status-publish","has-post-thumbnail","hentry","product_cat-sulankstomi-masazo-stalai","product-has-gallery"],"_links":{"self":[{"href":"https:\/\/mlo.lt\/index.php\/wp-json\/wp\/v2\/product\/1090","targetHints":{"allow":["GET"]}}],"collection":[{"href":"https:\/\/mlo.lt\/index.php\/wp-json\/wp\/v2\/product"}],"about":[{"href":"https:\/\/mlo.lt\/index.php\/wp-json\/wp\/v2\/types\/product"}],"replies":[{"embeddable":true,"href":"https:\/\/mlo.lt\/index.php\/wp-json\/wp\/v2\/comments?post=1090"}],"wp:featuredmedia":[{"embeddable":true,"href":"https:\/\/mlo.lt\/index.php\/wp-json\/wp\/v2\/media\/1096"}],"wp:attachment":[{"href":"https:\/\/mlo.lt\/index.php\/wp-json\/wp\/v2\/media?parent=1090"}],"wp:term":[{"taxonomy":"product_cat","embeddable":true,"href":"https:\/\/mlo.lt\/index.php\/wp-json\/wp\/v2\/product_cat?post=1090"},{"taxonomy":"product_tag","embeddable":true,"href":"https:\/\/mlo.lt\/index.php\/wp-json\/wp\/v2\/product_tag?post=1090"}],"curies":[{"name":"wp","href":"https:\/\/api.w.org\/{rel}","templated":true}]}}