{"id":1076,"date":"2021-02-08T11:06:54","date_gmt":"2021-02-08T11:06:54","guid":{"rendered":"http:\/\/mlo.lt\/?post_type=product&#038;p=1076"},"modified":"2023-02-27T07:28:43","modified_gmt":"2023-02-27T07:28:43","slug":"sulankstomas-masazo-stalas-univ-alu","status":"publish","type":"product","link":"https:\/\/mlo.lt\/index.php\/product\/sulankstomas-masazo-stalas-univ-alu\/","title":{"rendered":"Sulankstomas masa\u017eo stalas su priedais Univ Alu"},"content":{"rendered":"<p>\u201cUniv\u201d stalai buvo sukurti masa\u017eo terapeutams, ie\u0161kantiems patvaraus, atsparaus da\u017enam i\u0161ssiskleidimui ir sulankstymui, stabilaus ir patogaus baldo sunkiam darbui. Kiekvienas i\u0161 \u0161io masa\u017eo ir reabilitacijos stal\u0173 komponent\u0173 yra pagaminti maksimaliai tiksliai, lygiai, esteti\u0161kai ir svarbiausia saugiai pacientui. Stalai pasi\u017eymi dideliu i\u0161ilginiu ir skersiniu stabilumu bei yra skirti klasikiniui, sportiniam masa\u017eui, refleksoterapijai, fizinei reabilitacijai, sensorinei terapijai. \u0160is\u00a0 modelis i\u0161sskiskiria savo priekin\u0117s dalies ir reguliuojamu de\u0161imties pakop\u0173 atlo\u0161o pakreipimu.<\/p>\n<ul>\n<li>Auk\u0161\u010diausios kokyb\u0117s rank\u0173 darbo sulankstomas masa\u017eo stalas;<\/li>\n<li>Ergonomi\u0161kas galvos atlo\u0161as su reguliuojamu pakreipimo kampu;<\/li>\n<li>Reguliuojamas de\u0161imties pakop\u0173 atlo\u0161o pakreipimas;<\/li>\n<li>Priekin\u0117s pad\u0117ties nustatymo atlo\u0161as;<\/li>\n<li>Priekinis porankis;<\/li>\n<li>Reabilitacinis volelis;<\/li>\n<li>Pagrindinis transportavimo krep\u0161ys;<\/li>\n<li><strong>\u201cX-fold\u201d<\/strong>\u00a0gumeli\u0173 r\u0117mo sistema;<\/li>\n<li><strong>\u201cAccess\u201d<\/strong>\u00a0koj\u0173 prieigos sistema.<\/li>\n<\/ul>\n","protected":false},"excerpt":{"rendered":"<ul>\n<li>Auk\u0161tis: nuo 60 cm iki 80 cm (reguliuojamas kas 5 cm);<\/li>\n<li>Plotis: 67 cm;<\/li>\n<li>Ilgis: 180 cm (210 cm\u00a0 su galvos atrama);<\/li>\n<li>Sulankstyto stalo matmenys: 90cm \/ 67cm \/ 16cm;<\/li>\n<li>Svoris: 20 kg (be pried\u0173);<\/li>\n<li>Maksimali dinamin\u0117 apkrova: 370 kg;<\/li>\n<li>Maksimali statin\u0117 apkrova: 1500 kg;<\/li>\n<li>Koj\u0173 konstrukcija: medis + anoduotas aliuminis;<\/li>\n<li>Apmu\u0161alas: ergo \u2013 3 cm elastingas ir nesideformuojantis porolonas;<\/li>\n<li>Sertifikatai:\u00a0<span lang=\"lt\">T\u00dcV Riehland, CE, FIRA ir Oeko-Tex, IQT B.T.L.;<\/span><\/li>\n<li>Pristatymas per 7d.d.<\/li>\n<\/ul>\n","protected":false},"featured_media":1078,"comment_status":"open","ping_status":"closed","template":"","meta":[],"product_cat":[49],"product_tag":[],"class_list":["post-1076","product","type-product","status-publish","has-post-thumbnail","hentry","product_cat-sulankstomi-masazo-stalai","product-has-gallery"],"_links":{"self":[{"href":"https:\/\/mlo.lt\/index.php\/wp-json\/wp\/v2\/product\/1076","targetHints":{"allow":["GET"]}}],"collection":[{"href":"https:\/\/mlo.lt\/index.php\/wp-json\/wp\/v2\/product"}],"about":[{"href":"https:\/\/mlo.lt\/index.php\/wp-json\/wp\/v2\/types\/product"}],"replies":[{"embeddable":true,"href":"https:\/\/mlo.lt\/index.php\/wp-json\/wp\/v2\/comments?post=1076"}],"wp:featuredmedia":[{"embeddable":true,"href":"https:\/\/mlo.lt\/index.php\/wp-json\/wp\/v2\/media\/1078"}],"wp:attachment":[{"href":"https:\/\/mlo.lt\/index.php\/wp-json\/wp\/v2\/media?parent=1076"}],"wp:term":[{"taxonomy":"product_cat","embeddable":true,"href":"https:\/\/mlo.lt\/index.php\/wp-json\/wp\/v2\/product_cat?post=1076"},{"taxonomy":"product_tag","embeddable":true,"href":"https:\/\/mlo.lt\/index.php\/wp-json\/wp\/v2\/product_tag?post=1076"}],"curies":[{"name":"wp","href":"https:\/\/api.w.org\/{rel}","templated":true}]}}