{"id":1826,"date":"2018-10-22T06:42:52","date_gmt":"2018-10-22T06:42:52","guid":{"rendered":"https:\/\/customifysites.com\/outfit\/?page_id=538"},"modified":"2023-02-28T08:21:56","modified_gmt":"2023-02-28T08:21:56","slug":"payment-delivery","status":"publish","type":"page","link":"https:\/\/mlo.lt\/index.php\/payment-delivery\/","title":{"rendered":"Preki\u0173 apmok\u0117jimo, pristatymo ir gr\u0105\u017einimo politika"},"content":{"rendered":"\t\t<div data-elementor-type=\"wp-post\" data-elementor-id=\"1826\" class=\"elementor elementor-1826\">\n\t\t\t\t\t\t\t\t\t<section class=\"elementor-section elementor-top-section elementor-element elementor-element-dae3f5d elementor-section-boxed elementor-section-height-default elementor-section-height-default\" data-id=\"dae3f5d\" data-element_type=\"section\">\n\t\t\t\t\t\t<div class=\"elementor-container elementor-column-gap-default\">\n\t\t\t\t\t<div class=\"elementor-column elementor-col-50 elementor-top-column elementor-element elementor-element-c899039\" data-id=\"c899039\" data-element_type=\"column\">\n\t\t\t<div class=\"elementor-widget-wrap elementor-element-populated\">\n\t\t\t\t\t\t\t\t<div class=\"elementor-element elementor-element-6b6cd62 elementor-widget elementor-widget-heading\" data-id=\"6b6cd62\" data-element_type=\"widget\" data-widget_type=\"heading.default\">\n\t\t\t\t<div class=\"elementor-widget-container\">\n\t\t\t<style>\/*! elementor - v3.11.1 - 15-02-2023 *\/\n.elementor-heading-title{padding:0;margin:0;line-height:1}.elementor-widget-heading .elementor-heading-title[class*=elementor-size-]>a{color:inherit;font-size:inherit;line-height:inherit}.elementor-widget-heading .elementor-heading-title.elementor-size-small{font-size:15px}.elementor-widget-heading .elementor-heading-title.elementor-size-medium{font-size:19px}.elementor-widget-heading .elementor-heading-title.elementor-size-large{font-size:29px}.elementor-widget-heading .elementor-heading-title.elementor-size-xl{font-size:39px}.elementor-widget-heading .elementor-heading-title.elementor-size-xxl{font-size:59px}<\/style><h3 class=\"elementor-heading-title elementor-size-default\">Preki\u0173 apmok\u0117jimo politika<\/h3>\t\t<\/div>\n\t\t\t\t<\/div>\n\t\t\t\t<div class=\"elementor-element elementor-element-c8088a9 elementor-widget elementor-widget-accordion\" data-id=\"c8088a9\" data-element_type=\"widget\" data-widget_type=\"accordion.default\">\n\t\t\t\t<div class=\"elementor-widget-container\">\n\t\t\t<style>\/*! elementor - v3.11.1 - 15-02-2023 *\/\n.elementor-accordion{text-align:left}.elementor-accordion .elementor-accordion-item{border:1px solid #d4d4d4}.elementor-accordion .elementor-accordion-item+.elementor-accordion-item{border-top:none}.elementor-accordion .elementor-tab-title{margin:0;padding:15px 20px;font-weight:700;line-height:1;cursor:pointer;outline:none}.elementor-accordion .elementor-tab-title .elementor-accordion-icon{display:inline-block;width:1.5em}.elementor-accordion .elementor-tab-title .elementor-accordion-icon svg{width:1em;height:1em}.elementor-accordion .elementor-tab-title .elementor-accordion-icon.elementor-accordion-icon-right{float:right;text-align:right}.elementor-accordion .elementor-tab-title .elementor-accordion-icon.elementor-accordion-icon-left{float:left;text-align:left}.elementor-accordion .elementor-tab-title .elementor-accordion-icon .elementor-accordion-icon-closed{display:block}.elementor-accordion .elementor-tab-title .elementor-accordion-icon .elementor-accordion-icon-opened,.elementor-accordion .elementor-tab-title.elementor-active .elementor-accordion-icon-closed{display:none}.elementor-accordion .elementor-tab-title.elementor-active .elementor-accordion-icon-opened{display:block}.elementor-accordion .elementor-tab-content{display:none;padding:15px 20px;border-top:1px solid #d4d4d4}@media (max-width:767px){.elementor-accordion .elementor-tab-title{padding:12px 15px}.elementor-accordion .elementor-tab-title .elementor-accordion-icon{width:1.2em}.elementor-accordion .elementor-tab-content{padding:7px 15px}}.e-con-inner>.elementor-widget-accordion,.e-con>.elementor-widget-accordion{width:var(--container-widget-width);--flex-grow:var(--container-widget-flex-grow)}<\/style>\t\t<div class=\"elementor-accordion\" role=\"tablist\">\n\t\t\t\t\t\t\t<div class=\"elementor-accordion-item\">\n\t\t\t\t\t<div id=\"elementor-tab-title-2091\" class=\"elementor-tab-title\" data-tab=\"1\" role=\"tab\" aria-controls=\"elementor-tab-content-2091\" aria-expanded=\"false\">\n\t\t\t\t\t\t\t\t\t\t\t\t\t<span class=\"elementor-accordion-icon elementor-accordion-icon-right\" aria-hidden=\"true\">\n\t\t\t\t\t\t\t\t\t\t\t\t\t\t\t<span class=\"elementor-accordion-icon-closed\"><i class=\"fas fa-plus\"><\/i><\/span>\n\t\t\t\t\t\t\t\t<span class=\"elementor-accordion-icon-opened\"><i class=\"fas fa-angle-up\"><\/i><\/span>\n\t\t\t\t\t\t\t\t\t\t\t\t\t\t<\/span>\n\t\t\t\t\t\t\t\t\t\t\t\t<a class=\"elementor-accordion-title\" href=\"\">Kokiu b\u016bdu pateikti u\u017esakym\u0105 norimoms prek\u0117ms?<\/a>\n\t\t\t\t\t<\/div>\n\t\t\t\t\t<div id=\"elementor-tab-content-2091\" class=\"elementor-tab-content elementor-clearfix\" data-tab=\"1\" role=\"tabpanel\" aria-labelledby=\"elementor-tab-title-2091\"><p>Pirk\u0117jas, apsilank\u0119s elektronin\u0117je parduotuv\u0117je, i\u0161sirenka jam patinkan\u010dias prekes, kurias \u012fsideda \u012f pirkini\u0173 krep\u0161el\u012f. Po pirkini\u0173 krep\u0161elio suformavimo, Pirk\u0117jas suveda asmens duomenis, b\u016btinus u\u017esakymo \u012fvykdymui: savo vard\u0105, pavard\u0119, adres\u0105, kuriuo bus pristatomos prek\u0117s, telefono numer\u012f bei papildom\u0105 informacij\u0105, kuri gali b\u016bti svarbi pristatant u\u017esakytas prekes. Pirk\u0117jas patvirtina, jog susipa\u017eino su \u0161iomis taisykl\u0117mis ir patvirtina u\u017esakym\u0105.\u00a0<\/p><p>Taip pat klientas gali pateikti u\u017eklaus\u0105 apie dominan\u010dias prekes el. pa\u0161tu, telefonu arba u\u017epildant u\u017eklausos form\u0105 (\u017er. daugiau http:\/\/mlo.lt\/index.php\/contact-us\/).<\/p><\/div>\n\t\t\t\t<\/div>\n\t\t\t\t\t\t\t<div class=\"elementor-accordion-item\">\n\t\t\t\t\t<div id=\"elementor-tab-title-2092\" class=\"elementor-tab-title\" data-tab=\"2\" role=\"tab\" aria-controls=\"elementor-tab-content-2092\" aria-expanded=\"false\">\n\t\t\t\t\t\t\t\t\t\t\t\t\t<span class=\"elementor-accordion-icon elementor-accordion-icon-right\" aria-hidden=\"true\">\n\t\t\t\t\t\t\t\t\t\t\t\t\t\t\t<span class=\"elementor-accordion-icon-closed\"><i class=\"fas fa-plus\"><\/i><\/span>\n\t\t\t\t\t\t\t\t<span class=\"elementor-accordion-icon-opened\"><i class=\"fas fa-angle-up\"><\/i><\/span>\n\t\t\t\t\t\t\t\t\t\t\t\t\t\t<\/span>\n\t\t\t\t\t\t\t\t\t\t\t\t<a class=\"elementor-accordion-title\" href=\"\">Kaip galiu atsiskaityti u\u017e prekes?<\/a>\n\t\t\t\t\t<\/div>\n\t\t\t\t\t<div id=\"elementor-tab-content-2092\" class=\"elementor-tab-content elementor-clearfix\" data-tab=\"2\" role=\"tabpanel\" aria-labelledby=\"elementor-tab-title-2092\"><div class=\"payment_box payment_method_cod\"><p>Po u\u017esakymo pateikimo Jums atsi\u0173sime i\u0161ankstinio mok\u0117jimo s\u0105skait\u0105 arba s\u0105skait\u0105 fakt\u016br\u0105, jei prek\u0117 yra sand\u0117lyje. Prek\u0117s pristatymo kain\u0105 apskai\u010diuosime, pateiksime j\u0105 Jums ir \u012ftrauksime \u012f i\u0161ankstin\u0119 s\u0105skait\u0105\/s\u0105skait\u0105 fakt\u016br\u0105.<\/p><\/div><div class=\"form-row place-order\"><div class=\"woocommerce-terms-and-conditions-wrapper\"><div class=\"woocommerce-privacy-policy-text\">\u00a0<\/div><\/div><\/div><\/div>\n\t\t\t\t<\/div>\n\t\t\t\t\t\t\t<div class=\"elementor-accordion-item\">\n\t\t\t\t\t<div id=\"elementor-tab-title-2093\" class=\"elementor-tab-title\" data-tab=\"3\" role=\"tab\" aria-controls=\"elementor-tab-content-2093\" aria-expanded=\"false\">\n\t\t\t\t\t\t\t\t\t\t\t\t\t<span class=\"elementor-accordion-icon elementor-accordion-icon-right\" aria-hidden=\"true\">\n\t\t\t\t\t\t\t\t\t\t\t\t\t\t\t<span class=\"elementor-accordion-icon-closed\"><i class=\"fas fa-plus\"><\/i><\/span>\n\t\t\t\t\t\t\t\t<span class=\"elementor-accordion-icon-opened\"><i class=\"fas fa-angle-up\"><\/i><\/span>\n\t\t\t\t\t\t\t\t\t\t\t\t\t\t<\/span>\n\t\t\t\t\t\t\t\t\t\t\t\t<a class=\"elementor-accordion-title\" href=\"\">Kokie yra apmok\u0117jimo rekvizitai?<\/a>\n\t\t\t\t\t<\/div>\n\t\t\t\t\t<div id=\"elementor-tab-content-2093\" class=\"elementor-tab-content elementor-clearfix\" data-tab=\"3\" role=\"tabpanel\" aria-labelledby=\"elementor-tab-title-2093\"><p>Apmok\u0117ti u\u017e i\u0161sirinktas prekes galite mok\u0117jimo pavedim\u0173 \u012f m\u016bs\u0173 atsiskaitom\u0105j\u0105 s\u0105skait\u0105, paskirtyje nurodant i\u0161ankstin\u0117s s\u0105skaitos\/s\u0105skaitos fakt\u016bros nr.. Mok\u0117jimui reikalingi rekvizitai pateikiami \u017eemiau:<\/p>\n<p><strong>UAB Ergo moduli<\/strong><\/p>\n<p>\u012f.k. 304984215<\/p>\n<p><strong>Atsiskaitomosios s\u0105skaitos nr.:<\/strong><\/p>\n<div class=\"col\">\n<p>LT56 7044 0600 0826 5624 (AB SEB bankas)<\/p><\/div><\/div>\n\t\t\t\t<\/div>\n\t\t\t\t\t\t\t\t<\/div>\n\t\t\t\t<\/div>\n\t\t\t\t<\/div>\n\t\t\t\t\t<\/div>\n\t\t<\/div>\n\t\t\t\t<div class=\"elementor-column elementor-col-50 elementor-top-column elementor-element elementor-element-9c3105c\" data-id=\"9c3105c\" data-element_type=\"column\">\n\t\t\t<div class=\"elementor-widget-wrap elementor-element-populated\">\n\t\t\t\t\t\t\t\t<div class=\"elementor-element elementor-element-4d9a41d elementor-widget elementor-widget-heading\" data-id=\"4d9a41d\" data-element_type=\"widget\" data-widget_type=\"heading.default\">\n\t\t\t\t<div class=\"elementor-widget-container\">\n\t\t\t<h3 class=\"elementor-heading-title elementor-size-default\">preki\u0173 pristatymo ir gr\u0105\u017einimo politika<\/h3>\t\t<\/div>\n\t\t\t\t<\/div>\n\t\t\t\t<div class=\"elementor-element elementor-element-7a01392 elementor-widget elementor-widget-text-editor\" data-id=\"7a01392\" data-element_type=\"widget\" data-widget_type=\"text-editor.default\">\n\t\t\t\t<div class=\"elementor-widget-container\">\n\t\t\t<style>\/*! elementor - v3.11.1 - 15-02-2023 *\/\n.elementor-widget-text-editor.elementor-drop-cap-view-stacked .elementor-drop-cap{background-color:#818a91;color:#fff}.elementor-widget-text-editor.elementor-drop-cap-view-framed .elementor-drop-cap{color:#818a91;border:3px solid;background-color:transparent}.elementor-widget-text-editor:not(.elementor-drop-cap-view-default) .elementor-drop-cap{margin-top:8px}.elementor-widget-text-editor:not(.elementor-drop-cap-view-default) .elementor-drop-cap-letter{width:1em;height:1em}.elementor-widget-text-editor .elementor-drop-cap{float:left;text-align:center;line-height:1;font-size:50px}.elementor-widget-text-editor .elementor-drop-cap-letter{display:inline-block}<\/style>\t\t\t\t<p>Preki\u0173 pristymo kaina yra derinama atskiru susitarimu, priklausomai nuo siuntos dyd\u017eio, kiekio ir vietos. I\u0161sirink\u0119 prek\u0119, pateikite u\u017esakym\u0105, mes Jums paskai\u010diuosime pristatymo kain\u0105.<\/p>\t\t\t\t\t\t<\/div>\n\t\t\t\t<\/div>\n\t\t\t\t<div class=\"elementor-element elementor-element-10f5798 elementor-widget elementor-widget-accordion\" data-id=\"10f5798\" data-element_type=\"widget\" data-widget_type=\"accordion.default\">\n\t\t\t\t<div class=\"elementor-widget-container\">\n\t\t\t\t\t<div class=\"elementor-accordion\" role=\"tablist\">\n\t\t\t\t\t\t\t<div class=\"elementor-accordion-item\">\n\t\t\t\t\t<div id=\"elementor-tab-title-1771\" class=\"elementor-tab-title\" data-tab=\"1\" role=\"tab\" aria-controls=\"elementor-tab-content-1771\" aria-expanded=\"false\">\n\t\t\t\t\t\t\t\t\t\t\t\t\t<span class=\"elementor-accordion-icon elementor-accordion-icon-right\" aria-hidden=\"true\">\n\t\t\t\t\t\t\t\t\t\t\t\t\t\t\t<span class=\"elementor-accordion-icon-closed\"><i class=\"fas fa-angle-down\"><\/i><\/span>\n\t\t\t\t\t\t\t\t<span class=\"elementor-accordion-icon-opened\"><i class=\"fas fa-angle-up\"><\/i><\/span>\n\t\t\t\t\t\t\t\t\t\t\t\t\t\t<\/span>\n\t\t\t\t\t\t\t\t\t\t\t\t<a class=\"elementor-accordion-title\" href=\"\">Per kiek laiko bus pristatoma siunta?<\/a>\n\t\t\t\t\t<\/div>\n\t\t\t\t\t<div id=\"elementor-tab-content-1771\" class=\"elementor-tab-content elementor-clearfix\" data-tab=\"1\" role=\"tabpanel\" aria-labelledby=\"elementor-tab-title-1771\"><p>Jei prek\u0119 turime sand\u0117lyje, j\u0105 Lietuvoje\u00a0 pristatysime per 2-3 d.d.. Kit\u0173 preki\u0173 pristatymas vidutini\u0161kai u\u017etrunka iki 2-3 sav..<\/p><\/div>\n\t\t\t\t<\/div>\n\t\t\t\t\t\t\t<div class=\"elementor-accordion-item\">\n\t\t\t\t\t<div id=\"elementor-tab-title-1772\" class=\"elementor-tab-title\" data-tab=\"2\" role=\"tab\" aria-controls=\"elementor-tab-content-1772\" aria-expanded=\"false\">\n\t\t\t\t\t\t\t\t\t\t\t\t\t<span class=\"elementor-accordion-icon elementor-accordion-icon-right\" aria-hidden=\"true\">\n\t\t\t\t\t\t\t\t\t\t\t\t\t\t\t<span class=\"elementor-accordion-icon-closed\"><i class=\"fas fa-angle-down\"><\/i><\/span>\n\t\t\t\t\t\t\t\t<span class=\"elementor-accordion-icon-opened\"><i class=\"fas fa-angle-up\"><\/i><\/span>\n\t\t\t\t\t\t\t\t\t\t\t\t\t\t<\/span>\n\t\t\t\t\t\t\t\t\t\t\t\t<a class=\"elementor-accordion-title\" href=\"\">Per kiek laiko ir kaip galiu gr\u0105\u017einti prek\u0119?<\/a>\n\t\t\t\t\t<\/div>\n\t\t\t\t\t<div id=\"elementor-tab-content-1772\" class=\"elementor-tab-content elementor-clearfix\" data-tab=\"2\" role=\"tabpanel\" aria-labelledby=\"elementor-tab-title-1772\"><p>Pagal Lietuvos Respublikos civilinio kodekso 6.362 straipsn\u012f pirk\u0117jas turi teis\u0119 per 14 dien\u0173 nuo preki\u0173 perdavimo jam, pakeisti nusipirktus daiktus pirkimo ar kitoje pardav\u0117jo nurodytoje vietoje analogi\u0161kais kitoki\u0173 matmen\u0173, formos, spalvos, modelio ar komplekti\u0161kumo daiktais, arba gr\u0105\u017einti daiktus pardav\u0117jui ir atgauti u\u017e juos sumok\u0117t\u0105 kain\u0105. Atkreipiame d\u0117mes\u012f, kad pirk\u0117jo reikalavimas pakeisti arba gr\u0105\u017einti daiktus tenkinamas, jeigu daiktai nebuvo naudojami, nesugadinti, i\u0161saugotos j\u0173 vartojamosios savyb\u0117s, daiktai neprarad\u0119 prekin\u0117s i\u0161vaizdos ir pirk\u0117jas turi \u012frodymus, patvirtinan\u010dius, kad jis daiktus pirko i\u0161 konkretaus pardav\u0117jo.<\/p><p>Gr\u0105\u017einant prekes b\u016btina laikytis \u0161i\u0173 s\u0105lyg\u0173:<\/p><p>\u00a0<\/p><ul><li>Pagal individual\u0173 u\u017esakym\u0105 pagamintoms arba modifikuotoms prek\u0117ms 14 dien\u0173 gr\u0105\u017einimo\/keitimo taisykl\u0117s negalioja;<\/li><li><strong>Para\u0161ykite mums el. lai\u0161k\u0105 adresu info@mlo.lt ir informuokite apie ketinim\u0105 gr\u0105\u017einti ar pakeisti prek\u0119 kitomis prek\u0117mis;<\/strong><\/li><li>Prek\u0117 turi b\u016bti nenaudota, nepraradusi prekin\u0117s i\u0161vaizdos: nepa\u017eeistos etiket\u0117s, nenupl\u0117\u0161tos apsaugin\u0117s pl\u0117vel\u0117s ir kt. (\u0161is punktas netaikomas tuo atveju, kai gr\u0105\u017einama nekokybi\u0161ka prek\u0117);<\/li><li>Pardav\u0117jas turi teis\u0119 atsisakyti priimti Pirk\u0117jo gr\u0105\u017einamas prekes, jei buvo nesilaikoma preki\u0173 gr\u0105\u017einimo s\u0105lyg\u0173;<\/li><li>Gr\u0105\u017einama prek\u0117 turi b\u016bti tos pa\u010dios komplektacijos, kokios buvo Pirk\u0117jo gauta (\u0161is punktas netaikomas tuo atveju, kai gr\u0105\u017einama nekokybi\u0161ka prek\u0117);<\/li><li>Preki\u0173 gr\u0105\u017einimas vykdomas Pardav\u0117jo nustatytu b\u016bdu per 14 (keturiolika) dien\u0173 nuo preki\u0173 gavimo dienos (\u0161is punktas netaikomas tuo atveju, kai prek\u0117 nekokybi\u0161ka \u2013 tokiu atveju vykdomas preki\u0173 gr\u0105\u017einimas per \u012fstatymin\u012f garantin\u012f termin\u0105);<\/li><li>Tinkamos kokyb\u0117s preki\u0173 gr\u0105\u017einimas ir keitimas vykdomas vadovaujantis Civilinio kodekso 6.22810 straipsnio 1 dalimi;<\/li><li>U\u017e Pirk\u0117jo priimtas, bet v\u0117liau atsisakytas prekes sumok\u0117ti pinigai gr\u0105\u017einami \u012f Pirk\u0117jo s\u0105skait\u0105 ne v\u0117liau kaip per 5 (penkias) dienas nuo prek\u0117s gr\u0105\u017einimo Pardav\u0117jui dienos, nebent Pardav\u0117jas ir Pirk\u0117jas susitaria kitaip.<\/li><li>Prek\u0117s i\u0161siuntimu turi pasir\u016bpinti prek\u0117s pirk\u0117jas.<\/li><\/ul><\/div>\n\t\t\t\t<\/div>\n\t\t\t\t\t\t\t<div class=\"elementor-accordion-item\">\n\t\t\t\t\t<div id=\"elementor-tab-title-1773\" class=\"elementor-tab-title\" data-tab=\"3\" role=\"tab\" aria-controls=\"elementor-tab-content-1773\" aria-expanded=\"false\">\n\t\t\t\t\t\t\t\t\t\t\t\t\t<span class=\"elementor-accordion-icon elementor-accordion-icon-right\" aria-hidden=\"true\">\n\t\t\t\t\t\t\t\t\t\t\t\t\t\t\t<span class=\"elementor-accordion-icon-closed\"><i class=\"fas fa-angle-down\"><\/i><\/span>\n\t\t\t\t\t\t\t\t<span class=\"elementor-accordion-icon-opened\"><i class=\"fas fa-angle-up\"><\/i><\/span>\n\t\t\t\t\t\t\t\t\t\t\t\t\t\t<\/span>\n\t\t\t\t\t\t\t\t\t\t\t\t<a class=\"elementor-accordion-title\" href=\"\">Ar pristatote prekes \u012f u\u017esien\u012f?<\/a>\n\t\t\t\t\t<\/div>\n\t\t\t\t\t<div id=\"elementor-tab-content-1773\" class=\"elementor-tab-content elementor-clearfix\" data-tab=\"3\" role=\"tabpanel\" aria-labelledby=\"elementor-tab-title-1773\"><p>Taip! Para\u0161ykite mums ir susitarsime d\u0117l preki\u0173 pristatymo \u012f J\u016bs\u0173 pageidaujam\u0105 pasaulio kra\u0161t\u0105.<\/p><\/div>\n\t\t\t\t<\/div>\n\t\t\t\t\t\t\t\t<\/div>\n\t\t\t\t<\/div>\n\t\t\t\t<\/div>\n\t\t\t\t\t<\/div>\n\t\t<\/div>\n\t\t\t\t\t\t\t<\/div>\n\t\t<\/section>\n\t\t\t\t\t\t\t<\/div>\n\t\t","protected":false},"excerpt":{"rendered":"<p>Preki\u0173 apmok\u0117jimo politika Kokiu b\u016bdu pateikti u\u017esakym\u0105 norimoms prek\u0117ms? Pirk\u0117jas, apsilank\u0119s elektronin\u0117je parduotuv\u0117je, i\u0161sirenka jam patinkan\u010dias prekes, kurias \u012fsideda \u012f pirkini\u0173 krep\u0161el\u012f. Po pirkini\u0173 krep\u0161elio&hellip;<\/p>\n","protected":false},"author":2,"featured_media":2312,"parent":0,"menu_order":0,"comment_status":"closed","ping_status":"closed","template":"","meta":{"footnotes":""},"class_list":["post-1826","page","type-page","status-publish","has-post-thumbnail","hentry"],"_links":{"self":[{"href":"https:\/\/mlo.lt\/index.php\/wp-json\/wp\/v2\/pages\/1826","targetHints":{"allow":["GET"]}}],"collection":[{"href":"https:\/\/mlo.lt\/index.php\/wp-json\/wp\/v2\/pages"}],"about":[{"href":"https:\/\/mlo.lt\/index.php\/wp-json\/wp\/v2\/types\/page"}],"author":[{"embeddable":true,"href":"https:\/\/mlo.lt\/index.php\/wp-json\/wp\/v2\/users\/2"}],"replies":[{"embeddable":true,"href":"https:\/\/mlo.lt\/index.php\/wp-json\/wp\/v2\/comments?post=1826"}],"version-history":[{"count":45,"href":"https:\/\/mlo.lt\/index.php\/wp-json\/wp\/v2\/pages\/1826\/revisions"}],"predecessor-version":[{"id":3266,"href":"https:\/\/mlo.lt\/index.php\/wp-json\/wp\/v2\/pages\/1826\/revisions\/3266"}],"wp:featuredmedia":[{"embeddable":true,"href":"https:\/\/mlo.lt\/index.php\/wp-json\/wp\/v2\/media\/2312"}],"wp:attachment":[{"href":"https:\/\/mlo.lt\/index.php\/wp-json\/wp\/v2\/media?parent=1826"}],"curies":[{"name":"wp","href":"https:\/\/api.w.org\/{rel}","templated":true}]}}